{"id":9293,"date":"2025-11-26T11:16:24","date_gmt":"2025-11-26T10:16:24","guid":{"rendered":"https:\/\/melaniebourlon.com\/sculpture-papier-mache\/?post_type=product&#038;p=9293"},"modified":"2025-11-26T14:18:11","modified_gmt":"2025-11-26T13:18:11","slug":"lampe-souricette-hauteur-54cm","status":"publish","type":"product","link":"https:\/\/melaniebourlon.com\/sculpture-papier-mache\/produit\/lampe-souricette-hauteur-54cm\/","title":{"rendered":"Lampe Souricette aux fleurs- Hauteur 54cm"},"content":{"rendered":"","protected":false},"excerpt":{"rendered":"<p><strong>Dim :<\/strong> Hauteur 54 x 19,4 cm<\/p>\n<p><strong>Poids :<\/strong> env 400 grs<\/p>\n<p style=\"text-align: justify;\"><strong>Mati\u00e8re :<\/strong> Ma lampe est faite d&rsquo;une plaque de polypropyl\u00e8ne. Cette mati\u00e8re synth\u00e9tique est imprim\u00e9e et d\u00e9coup\u00e9e. Par des petits bouchons en plastic le cylindre et tenu ensemble. Dans ce cylindre on monte la douille. Le c\u00e2ble de la lampe est fourni d&rsquo;un bouton utile pour allumer et \u00e9teindre. Les encres ne se d\u00e9colorent pas, ce qui vous permet de profiter infiniment de votre lampe.<\/p>\n<p><em><span style=\"font-size: 12px;\">Douille E1<br \/>\nAmpoule E14, Led 7w maximum non fournie<\/span><\/em><\/p>\n","protected":false},"featured_media":9282,"template":"","meta":{"_et_pb_use_builder":"","_et_pb_old_content":"","_et_gb_content_width":""},"product_brand":[],"product_cat":[74],"product_tag":[],"class_list":{"0":"post-9293","1":"product","2":"type-product","3":"status-publish","4":"has-post-thumbnail","6":"product_cat-lampes","8":"first","9":"instock","10":"shipping-taxable","11":"purchasable","12":"product-type-simple"},"yoast_head":"<!-- This site is optimized with the Yoast SEO plugin v27.5 - https:\/\/yoast.com\/product\/yoast-seo-wordpress\/ -->\n<title>Lampe Souricette aux fleurs- Hauteur 54cm | M\u00e9lanie Bourlon, Artiste Sculpteur<\/title>\n<meta name=\"description\" content=\"Lampe Souricette aux fleurs- Hauteur 54cm | Boutique des cr\u00e9ations de M\u00e9lanie Bourlon, sculptures en Papier M\u00e2ch\u00e9, tableaux, toiles, cadeaux...\" \/>\n<meta name=\"robots\" content=\"index, follow, max-snippet:-1, max-image-preview:large, max-video-preview:-1\" \/>\n<link rel=\"canonical\" href=\"https:\/\/melaniebourlon.com\/sculpture-papier-mache\/produit\/lampe-souricette-hauteur-54cm\/\" \/>\n<meta property=\"og:locale\" content=\"fr_FR\" \/>\n<meta property=\"og:type\" content=\"article\" \/>\n<meta property=\"og:title\" content=\"Lampe Souricette aux fleurs- Hauteur 54cm | M\u00e9lanie Bourlon, Artiste Sculpteur\" \/>\n<meta property=\"og:description\" content=\"Lampe Souricette aux fleurs- Hauteur 54cm | Boutique des cr\u00e9ations de M\u00e9lanie Bourlon, sculptures en Papier M\u00e2ch\u00e9, tableaux, toiles, cadeaux...\" \/>\n<meta property=\"og:url\" content=\"https:\/\/melaniebourlon.com\/sculpture-papier-mache\/produit\/lampe-souricette-hauteur-54cm\/\" \/>\n<meta property=\"og:site_name\" content=\"M\u00e9lanie Bourlon, Artiste Sculpteur\" \/>\n<meta property=\"article:publisher\" content=\"https:\/\/www.facebook.com\/melaniebourlonpapiermache\/\" \/>\n<meta property=\"article:modified_time\" content=\"2025-11-26T13:18:11+00:00\" \/>\n<meta property=\"og:image\" content=\"https:\/\/melaniebourlon.com\/sculpture-papier-mache\/wp-content\/uploads\/2025\/11\/Lampe-Souricette-aux-fleurs-moyen.jpg\" \/>\n\t<meta property=\"og:image:width\" content=\"2406\" \/>\n\t<meta property=\"og:image:height\" content=\"2493\" \/>\n\t<meta property=\"og:image:type\" content=\"image\/jpeg\" \/>\n<meta name=\"twitter:card\" content=\"summary_large_image\" \/>\n<meta name=\"twitter:site\" content=\"@melaniebourlon\" \/>\n<meta name=\"twitter:label1\" content=\"Dur\u00e9e de lecture estim\u00e9e\" \/>\n\t<meta name=\"twitter:data1\" content=\"1 minute\" \/>\n<script type=\"application\/ld+json\" class=\"yoast-schema-graph\">{\"@context\":\"https:\\\/\\\/schema.org\",\"@graph\":[{\"@type\":\"WebPage\",\"@id\":\"https:\\\/\\\/melaniebourlon.com\\\/sculpture-papier-mache\\\/produit\\\/lampe-souricette-hauteur-54cm\\\/\",\"url\":\"https:\\\/\\\/melaniebourlon.com\\\/sculpture-papier-mache\\\/produit\\\/lampe-souricette-hauteur-54cm\\\/\",\"name\":\"Lampe Souricette aux fleurs- Hauteur 54cm | M\u00e9lanie Bourlon, Artiste Sculpteur\",\"isPartOf\":{\"@id\":\"https:\\\/\\\/melaniebourlon.com\\\/sculpture-papier-mache\\\/#website\"},\"primaryImageOfPage\":{\"@id\":\"https:\\\/\\\/melaniebourlon.com\\\/sculpture-papier-mache\\\/produit\\\/lampe-souricette-hauteur-54cm\\\/#primaryimage\"},\"image\":{\"@id\":\"https:\\\/\\\/melaniebourlon.com\\\/sculpture-papier-mache\\\/produit\\\/lampe-souricette-hauteur-54cm\\\/#primaryimage\"},\"thumbnailUrl\":\"https:\\\/\\\/melaniebourlon.com\\\/sculpture-papier-mache\\\/wp-content\\\/uploads\\\/2025\\\/11\\\/Lampe-Souricette-aux-fleurs-moyen.jpg\",\"datePublished\":\"2025-11-26T10:16:24+00:00\",\"dateModified\":\"2025-11-26T13:18:11+00:00\",\"description\":\"Lampe Souricette aux fleurs- Hauteur 54cm | Boutique des cr\u00e9ations de M\u00e9lanie Bourlon, sculptures en Papier M\u00e2ch\u00e9, tableaux, toiles, cadeaux...\",\"breadcrumb\":{\"@id\":\"https:\\\/\\\/melaniebourlon.com\\\/sculpture-papier-mache\\\/produit\\\/lampe-souricette-hauteur-54cm\\\/#breadcrumb\"},\"inLanguage\":\"fr-FR\",\"potentialAction\":[{\"@type\":\"ReadAction\",\"target\":[\"https:\\\/\\\/melaniebourlon.com\\\/sculpture-papier-mache\\\/produit\\\/lampe-souricette-hauteur-54cm\\\/\"]}]},{\"@type\":\"ImageObject\",\"inLanguage\":\"fr-FR\",\"@id\":\"https:\\\/\\\/melaniebourlon.com\\\/sculpture-papier-mache\\\/produit\\\/lampe-souricette-hauteur-54cm\\\/#primaryimage\",\"url\":\"https:\\\/\\\/melaniebourlon.com\\\/sculpture-papier-mache\\\/wp-content\\\/uploads\\\/2025\\\/11\\\/Lampe-Souricette-aux-fleurs-moyen.jpg\",\"contentUrl\":\"https:\\\/\\\/melaniebourlon.com\\\/sculpture-papier-mache\\\/wp-content\\\/uploads\\\/2025\\\/11\\\/Lampe-Souricette-aux-fleurs-moyen.jpg\",\"width\":2406,\"height\":2493,\"caption\":\"Lampe Souricette aux fleurs - Moyenne - melanie bourlon - papier m\u00e2ch\u00e9\"},{\"@type\":\"BreadcrumbList\",\"@id\":\"https:\\\/\\\/melaniebourlon.com\\\/sculpture-papier-mache\\\/produit\\\/lampe-souricette-hauteur-54cm\\\/#breadcrumb\",\"itemListElement\":[{\"@type\":\"ListItem\",\"position\":1,\"name\":\"Accueil\",\"item\":\"https:\\\/\\\/melaniebourlon.com\\\/sculpture-papier-mache\\\/\"},{\"@type\":\"ListItem\",\"position\":2,\"name\":\"Boutique\",\"item\":\"https:\\\/\\\/melaniebourlon.com\\\/sculpture-papier-mache\\\/boutique\\\/\"},{\"@type\":\"ListItem\",\"position\":3,\"name\":\"Lampe Souricette aux fleurs- Hauteur 54cm\"}]},{\"@type\":\"WebSite\",\"@id\":\"https:\\\/\\\/melaniebourlon.com\\\/sculpture-papier-mache\\\/#website\",\"url\":\"https:\\\/\\\/melaniebourlon.com\\\/sculpture-papier-mache\\\/\",\"name\":\"M\u00e9lanie Bourlon, Artiste Sculpteur\",\"description\":\"Sculptures en Papier M\u00e2ch\u00e9 &amp; Stages de modelage\",\"publisher\":{\"@id\":\"https:\\\/\\\/melaniebourlon.com\\\/sculpture-papier-mache\\\/#organization\"},\"potentialAction\":[{\"@type\":\"SearchAction\",\"target\":{\"@type\":\"EntryPoint\",\"urlTemplate\":\"https:\\\/\\\/melaniebourlon.com\\\/sculpture-papier-mache\\\/?s={search_term_string}\"},\"query-input\":{\"@type\":\"PropertyValueSpecification\",\"valueRequired\":true,\"valueName\":\"search_term_string\"}}],\"inLanguage\":\"fr-FR\"},{\"@type\":\"Organization\",\"@id\":\"https:\\\/\\\/melaniebourlon.com\\\/sculpture-papier-mache\\\/#organization\",\"name\":\"M\u00e9lanie Bourlon Sculpteur\",\"url\":\"https:\\\/\\\/melaniebourlon.com\\\/sculpture-papier-mache\\\/\",\"logo\":{\"@type\":\"ImageObject\",\"inLanguage\":\"fr-FR\",\"@id\":\"https:\\\/\\\/melaniebourlon.com\\\/sculpture-papier-mache\\\/#\\\/schema\\\/logo\\\/image\\\/\",\"url\":\"https:\\\/\\\/melaniebourlon.com\\\/sculpture-papier-mache\\\/wp-content\\\/uploads\\\/2018\\\/02\\\/LOGO-MELANIE-RVB.png\",\"contentUrl\":\"https:\\\/\\\/melaniebourlon.com\\\/sculpture-papier-mache\\\/wp-content\\\/uploads\\\/2018\\\/02\\\/LOGO-MELANIE-RVB.png\",\"width\":1666,\"height\":862,\"caption\":\"M\u00e9lanie Bourlon Sculpteur\"},\"image\":{\"@id\":\"https:\\\/\\\/melaniebourlon.com\\\/sculpture-papier-mache\\\/#\\\/schema\\\/logo\\\/image\\\/\"},\"sameAs\":[\"https:\\\/\\\/www.facebook.com\\\/melaniebourlonpapiermache\\\/\",\"https:\\\/\\\/x.com\\\/melaniebourlon\",\"https:\\\/\\\/www.instagram.com\\\/melaniebourlonsculptures\\\/\",\"https:\\\/\\\/www.pinterest.com\\\/sculptur\\\/\",\"https:\\\/\\\/www.youtube.com\\\/channel\\\/UC1EO1RtCiV85X6u-R5HTQCA\"]}]}<\/script>\n<!-- \/ Yoast SEO plugin. -->","yoast_head_json":{"title":"Lampe Souricette aux fleurs- Hauteur 54cm | M\u00e9lanie Bourlon, Artiste Sculpteur","description":"Lampe Souricette aux fleurs- Hauteur 54cm | Boutique des cr\u00e9ations de M\u00e9lanie Bourlon, sculptures en Papier M\u00e2ch\u00e9, tableaux, toiles, cadeaux...","robots":{"index":"index","follow":"follow","max-snippet":"max-snippet:-1","max-image-preview":"max-image-preview:large","max-video-preview":"max-video-preview:-1"},"canonical":"https:\/\/melaniebourlon.com\/sculpture-papier-mache\/produit\/lampe-souricette-hauteur-54cm\/","og_locale":"fr_FR","og_type":"article","og_title":"Lampe Souricette aux fleurs- Hauteur 54cm | M\u00e9lanie Bourlon, Artiste Sculpteur","og_description":"Lampe Souricette aux fleurs- Hauteur 54cm | Boutique des cr\u00e9ations de M\u00e9lanie Bourlon, sculptures en Papier M\u00e2ch\u00e9, tableaux, toiles, cadeaux...","og_url":"https:\/\/melaniebourlon.com\/sculpture-papier-mache\/produit\/lampe-souricette-hauteur-54cm\/","og_site_name":"M\u00e9lanie Bourlon, Artiste Sculpteur","article_publisher":"https:\/\/www.facebook.com\/melaniebourlonpapiermache\/","article_modified_time":"2025-11-26T13:18:11+00:00","og_image":[{"width":2406,"height":2493,"url":"https:\/\/melaniebourlon.com\/sculpture-papier-mache\/wp-content\/uploads\/2025\/11\/Lampe-Souricette-aux-fleurs-moyen.jpg","type":"image\/jpeg"}],"twitter_card":"summary_large_image","twitter_site":"@melaniebourlon","twitter_misc":{"Dur\u00e9e de lecture estim\u00e9e":"1 minute"},"schema":{"@context":"https:\/\/schema.org","@graph":[{"@type":"WebPage","@id":"https:\/\/melaniebourlon.com\/sculpture-papier-mache\/produit\/lampe-souricette-hauteur-54cm\/","url":"https:\/\/melaniebourlon.com\/sculpture-papier-mache\/produit\/lampe-souricette-hauteur-54cm\/","name":"Lampe Souricette aux fleurs- Hauteur 54cm | M\u00e9lanie Bourlon, Artiste Sculpteur","isPartOf":{"@id":"https:\/\/melaniebourlon.com\/sculpture-papier-mache\/#website"},"primaryImageOfPage":{"@id":"https:\/\/melaniebourlon.com\/sculpture-papier-mache\/produit\/lampe-souricette-hauteur-54cm\/#primaryimage"},"image":{"@id":"https:\/\/melaniebourlon.com\/sculpture-papier-mache\/produit\/lampe-souricette-hauteur-54cm\/#primaryimage"},"thumbnailUrl":"https:\/\/melaniebourlon.com\/sculpture-papier-mache\/wp-content\/uploads\/2025\/11\/Lampe-Souricette-aux-fleurs-moyen.jpg","datePublished":"2025-11-26T10:16:24+00:00","dateModified":"2025-11-26T13:18:11+00:00","description":"Lampe Souricette aux fleurs- Hauteur 54cm | Boutique des cr\u00e9ations de M\u00e9lanie Bourlon, sculptures en Papier M\u00e2ch\u00e9, tableaux, toiles, cadeaux...","breadcrumb":{"@id":"https:\/\/melaniebourlon.com\/sculpture-papier-mache\/produit\/lampe-souricette-hauteur-54cm\/#breadcrumb"},"inLanguage":"fr-FR","potentialAction":[{"@type":"ReadAction","target":["https:\/\/melaniebourlon.com\/sculpture-papier-mache\/produit\/lampe-souricette-hauteur-54cm\/"]}]},{"@type":"ImageObject","inLanguage":"fr-FR","@id":"https:\/\/melaniebourlon.com\/sculpture-papier-mache\/produit\/lampe-souricette-hauteur-54cm\/#primaryimage","url":"https:\/\/melaniebourlon.com\/sculpture-papier-mache\/wp-content\/uploads\/2025\/11\/Lampe-Souricette-aux-fleurs-moyen.jpg","contentUrl":"https:\/\/melaniebourlon.com\/sculpture-papier-mache\/wp-content\/uploads\/2025\/11\/Lampe-Souricette-aux-fleurs-moyen.jpg","width":2406,"height":2493,"caption":"Lampe Souricette aux fleurs - Moyenne - melanie bourlon - papier m\u00e2ch\u00e9"},{"@type":"BreadcrumbList","@id":"https:\/\/melaniebourlon.com\/sculpture-papier-mache\/produit\/lampe-souricette-hauteur-54cm\/#breadcrumb","itemListElement":[{"@type":"ListItem","position":1,"name":"Accueil","item":"https:\/\/melaniebourlon.com\/sculpture-papier-mache\/"},{"@type":"ListItem","position":2,"name":"Boutique","item":"https:\/\/melaniebourlon.com\/sculpture-papier-mache\/boutique\/"},{"@type":"ListItem","position":3,"name":"Lampe Souricette aux fleurs- Hauteur 54cm"}]},{"@type":"WebSite","@id":"https:\/\/melaniebourlon.com\/sculpture-papier-mache\/#website","url":"https:\/\/melaniebourlon.com\/sculpture-papier-mache\/","name":"M\u00e9lanie Bourlon, Artiste Sculpteur","description":"Sculptures en Papier M\u00e2ch\u00e9 &amp; Stages de modelage","publisher":{"@id":"https:\/\/melaniebourlon.com\/sculpture-papier-mache\/#organization"},"potentialAction":[{"@type":"SearchAction","target":{"@type":"EntryPoint","urlTemplate":"https:\/\/melaniebourlon.com\/sculpture-papier-mache\/?s={search_term_string}"},"query-input":{"@type":"PropertyValueSpecification","valueRequired":true,"valueName":"search_term_string"}}],"inLanguage":"fr-FR"},{"@type":"Organization","@id":"https:\/\/melaniebourlon.com\/sculpture-papier-mache\/#organization","name":"M\u00e9lanie Bourlon Sculpteur","url":"https:\/\/melaniebourlon.com\/sculpture-papier-mache\/","logo":{"@type":"ImageObject","inLanguage":"fr-FR","@id":"https:\/\/melaniebourlon.com\/sculpture-papier-mache\/#\/schema\/logo\/image\/","url":"https:\/\/melaniebourlon.com\/sculpture-papier-mache\/wp-content\/uploads\/2018\/02\/LOGO-MELANIE-RVB.png","contentUrl":"https:\/\/melaniebourlon.com\/sculpture-papier-mache\/wp-content\/uploads\/2018\/02\/LOGO-MELANIE-RVB.png","width":1666,"height":862,"caption":"M\u00e9lanie Bourlon Sculpteur"},"image":{"@id":"https:\/\/melaniebourlon.com\/sculpture-papier-mache\/#\/schema\/logo\/image\/"},"sameAs":["https:\/\/www.facebook.com\/melaniebourlonpapiermache\/","https:\/\/x.com\/melaniebourlon","https:\/\/www.instagram.com\/melaniebourlonsculptures\/","https:\/\/www.pinterest.com\/sculptur\/","https:\/\/www.youtube.com\/channel\/UC1EO1RtCiV85X6u-R5HTQCA"]}]}},"publishpress_future_action":{"enabled":false,"date":"2026-05-08 21:18:28","action":"change-status","newStatus":"draft","terms":[],"taxonomy":"product_cat","extraData":[]},"publishpress_future_workflow_manual_trigger":{"enabledWorkflows":[]},"_links":{"self":[{"href":"https:\/\/melaniebourlon.com\/sculpture-papier-mache\/wp-json\/wp\/v2\/product\/9293","targetHints":{"allow":["GET"]}}],"collection":[{"href":"https:\/\/melaniebourlon.com\/sculpture-papier-mache\/wp-json\/wp\/v2\/product"}],"about":[{"href":"https:\/\/melaniebourlon.com\/sculpture-papier-mache\/wp-json\/wp\/v2\/types\/product"}],"wp:featuredmedia":[{"embeddable":true,"href":"https:\/\/melaniebourlon.com\/sculpture-papier-mache\/wp-json\/wp\/v2\/media\/9282"}],"wp:attachment":[{"href":"https:\/\/melaniebourlon.com\/sculpture-papier-mache\/wp-json\/wp\/v2\/media?parent=9293"}],"wp:term":[{"taxonomy":"product_brand","embeddable":true,"href":"https:\/\/melaniebourlon.com\/sculpture-papier-mache\/wp-json\/wp\/v2\/product_brand?post=9293"},{"taxonomy":"product_cat","embeddable":true,"href":"https:\/\/melaniebourlon.com\/sculpture-papier-mache\/wp-json\/wp\/v2\/product_cat?post=9293"},{"taxonomy":"product_tag","embeddable":true,"href":"https:\/\/melaniebourlon.com\/sculpture-papier-mache\/wp-json\/wp\/v2\/product_tag?post=9293"}],"curies":[{"name":"wp","href":"https:\/\/api.w.org\/{rel}","templated":true}]}}