{"id":9290,"date":"2025-11-26T11:05:34","date_gmt":"2025-11-26T10:05:34","guid":{"rendered":"https:\/\/melaniebourlon.com\/sculpture-papier-mache\/?post_type=product&#038;p=9290"},"modified":"2025-11-26T11:07:34","modified_gmt":"2025-11-26T10:07:34","slug":"lampe-collection-de-champignons-hauteur-336-cm","status":"publish","type":"product","link":"https:\/\/melaniebourlon.com\/sculpture-papier-mache\/produit\/lampe-collection-de-champignons-hauteur-336-cm\/","title":{"rendered":"Lampe collection de champignons &#8211; Hauteur 33,6 cm"},"content":{"rendered":"","protected":false},"excerpt":{"rendered":"<p><strong>Dim :<\/strong> Hauteur 33,6 x diam15.1cm<\/p>\n<p><strong>Poids :<\/strong> env 300 grs<\/p>\n<p style=\"text-align: justify;\"><strong>Mati\u00e8re :<\/strong> Ma lampe est faite d&rsquo;une plaque de polypropyl\u00e8ne. Cette mati\u00e8re synth\u00e9tique est imprim\u00e9e et d\u00e9coup\u00e9e. Par des petits bouchons en plastic le cylindre et tenu ensemble. Dans ce cylindre on monte la douille. Le c\u00e2ble de la lampe est fourni d&rsquo;un bouton utile pour allumer et \u00e9teindre. Les encres ne se d\u00e9colorent pas, ce qui vous permet de profiter infiniment de votre lampe.<\/p>\n<p><em><span style=\"font-size: 12px;\">Douille E1<br \/>\nAmpoule E14,Led 7w maximum non fournie<\/span><\/em><\/p>\n","protected":false},"featured_media":9267,"template":"","meta":{"_et_pb_use_builder":"","_et_pb_old_content":"","_et_gb_content_width":""},"product_brand":[],"product_cat":[74],"product_tag":[],"class_list":{"0":"post-9290","1":"product","2":"type-product","3":"status-publish","4":"has-post-thumbnail","6":"product_cat-lampes","8":"first","9":"instock","10":"shipping-taxable","11":"purchasable","12":"product-type-simple"},"yoast_head":"<!-- This site is optimized with the Yoast SEO plugin v27.5 - https:\/\/yoast.com\/product\/yoast-seo-wordpress\/ -->\n<title>Lampe collection de champignons - Hauteur 33,6 cm | M\u00e9lanie Bourlon, Artiste Sculpteur | Cr\u00e9ations | Boutique<\/title>\n<meta name=\"description\" content=\"Lampe collection de champignons - Hauteur 33,6 cm | Boutique des cr\u00e9ations de M\u00e9lanie Bourlon, sculptures en Papier M\u00e2ch\u00e9, tableaux, toiles, tabliers, cadeaux...\" \/>\n<meta name=\"robots\" content=\"index, follow, max-snippet:-1, max-image-preview:large, max-video-preview:-1\" \/>\n<link rel=\"canonical\" href=\"https:\/\/melaniebourlon.com\/sculpture-papier-mache\/produit\/lampe-collection-de-champignons-hauteur-336-cm\/\" \/>\n<meta property=\"og:locale\" content=\"fr_FR\" \/>\n<meta property=\"og:type\" content=\"article\" \/>\n<meta property=\"og:title\" content=\"Lampe collection de champignons - Hauteur 33,6 cm | M\u00e9lanie Bourlon, Artiste Sculpteur | Cr\u00e9ations | Boutique\" \/>\n<meta property=\"og:description\" content=\"Lampe collection de champignons - Hauteur 33,6 cm | Boutique des cr\u00e9ations de M\u00e9lanie Bourlon, sculptures en Papier M\u00e2ch\u00e9, tableaux, toiles, tabliers, cadeaux...\" \/>\n<meta property=\"og:url\" content=\"https:\/\/melaniebourlon.com\/sculpture-papier-mache\/produit\/lampe-collection-de-champignons-hauteur-336-cm\/\" \/>\n<meta property=\"og:site_name\" content=\"M\u00e9lanie Bourlon, Artiste Sculpteur\" \/>\n<meta property=\"article:publisher\" content=\"https:\/\/www.facebook.com\/melaniebourlonpapiermache\/\" \/>\n<meta property=\"article:modified_time\" content=\"2025-11-26T10:07:34+00:00\" \/>\n<meta property=\"og:image\" content=\"https:\/\/melaniebourlon.com\/sculpture-papier-mache\/wp-content\/uploads\/2024\/12\/Lampe-aux-champignons.jpg\" \/>\n\t<meta property=\"og:image:width\" content=\"2421\" \/>\n\t<meta property=\"og:image:height\" content=\"2478\" \/>\n\t<meta property=\"og:image:type\" content=\"image\/jpeg\" \/>\n<meta name=\"twitter:card\" content=\"summary_large_image\" \/>\n<meta name=\"twitter:site\" content=\"@melaniebourlon\" \/>\n<meta name=\"twitter:label1\" content=\"Dur\u00e9e de lecture estim\u00e9e\" \/>\n\t<meta name=\"twitter:data1\" content=\"1 minute\" \/>\n<script type=\"application\/ld+json\" class=\"yoast-schema-graph\">{\"@context\":\"https:\\\/\\\/schema.org\",\"@graph\":[{\"@type\":\"WebPage\",\"@id\":\"https:\\\/\\\/melaniebourlon.com\\\/sculpture-papier-mache\\\/produit\\\/lampe-collection-de-champignons-hauteur-336-cm\\\/\",\"url\":\"https:\\\/\\\/melaniebourlon.com\\\/sculpture-papier-mache\\\/produit\\\/lampe-collection-de-champignons-hauteur-336-cm\\\/\",\"name\":\"Lampe collection de champignons - Hauteur 33,6 cm | M\u00e9lanie Bourlon, Artiste Sculpteur | Cr\u00e9ations | Boutique\",\"isPartOf\":{\"@id\":\"https:\\\/\\\/melaniebourlon.com\\\/sculpture-papier-mache\\\/#website\"},\"primaryImageOfPage\":{\"@id\":\"https:\\\/\\\/melaniebourlon.com\\\/sculpture-papier-mache\\\/produit\\\/lampe-collection-de-champignons-hauteur-336-cm\\\/#primaryimage\"},\"image\":{\"@id\":\"https:\\\/\\\/melaniebourlon.com\\\/sculpture-papier-mache\\\/produit\\\/lampe-collection-de-champignons-hauteur-336-cm\\\/#primaryimage\"},\"thumbnailUrl\":\"https:\\\/\\\/melaniebourlon.com\\\/sculpture-papier-mache\\\/wp-content\\\/uploads\\\/2024\\\/12\\\/Lampe-aux-champignons.jpg\",\"datePublished\":\"2025-11-26T10:05:34+00:00\",\"dateModified\":\"2025-11-26T10:07:34+00:00\",\"description\":\"Lampe collection de champignons - Hauteur 33,6 cm | Boutique des cr\u00e9ations de M\u00e9lanie Bourlon, sculptures en Papier M\u00e2ch\u00e9, tableaux, toiles, tabliers, cadeaux...\",\"breadcrumb\":{\"@id\":\"https:\\\/\\\/melaniebourlon.com\\\/sculpture-papier-mache\\\/produit\\\/lampe-collection-de-champignons-hauteur-336-cm\\\/#breadcrumb\"},\"inLanguage\":\"fr-FR\",\"potentialAction\":[{\"@type\":\"ReadAction\",\"target\":[\"https:\\\/\\\/melaniebourlon.com\\\/sculpture-papier-mache\\\/produit\\\/lampe-collection-de-champignons-hauteur-336-cm\\\/\"]}]},{\"@type\":\"ImageObject\",\"inLanguage\":\"fr-FR\",\"@id\":\"https:\\\/\\\/melaniebourlon.com\\\/sculpture-papier-mache\\\/produit\\\/lampe-collection-de-champignons-hauteur-336-cm\\\/#primaryimage\",\"url\":\"https:\\\/\\\/melaniebourlon.com\\\/sculpture-papier-mache\\\/wp-content\\\/uploads\\\/2024\\\/12\\\/Lampe-aux-champignons.jpg\",\"contentUrl\":\"https:\\\/\\\/melaniebourlon.com\\\/sculpture-papier-mache\\\/wp-content\\\/uploads\\\/2024\\\/12\\\/Lampe-aux-champignons.jpg\",\"width\":2421,\"height\":2478,\"caption\":\"Lampe collection de champignons - Petite - melanie bourlon - papier m\u00e2ch\u00e9\"},{\"@type\":\"BreadcrumbList\",\"@id\":\"https:\\\/\\\/melaniebourlon.com\\\/sculpture-papier-mache\\\/produit\\\/lampe-collection-de-champignons-hauteur-336-cm\\\/#breadcrumb\",\"itemListElement\":[{\"@type\":\"ListItem\",\"position\":1,\"name\":\"Accueil\",\"item\":\"https:\\\/\\\/melaniebourlon.com\\\/sculpture-papier-mache\\\/\"},{\"@type\":\"ListItem\",\"position\":2,\"name\":\"Boutique\",\"item\":\"https:\\\/\\\/melaniebourlon.com\\\/sculpture-papier-mache\\\/boutique\\\/\"},{\"@type\":\"ListItem\",\"position\":3,\"name\":\"Lampe collection de champignons &#8211; Hauteur 33,6 cm\"}]},{\"@type\":\"WebSite\",\"@id\":\"https:\\\/\\\/melaniebourlon.com\\\/sculpture-papier-mache\\\/#website\",\"url\":\"https:\\\/\\\/melaniebourlon.com\\\/sculpture-papier-mache\\\/\",\"name\":\"M\u00e9lanie Bourlon, Artiste Sculpteur\",\"description\":\"Sculptures en Papier M\u00e2ch\u00e9 &amp; Stages de modelage\",\"publisher\":{\"@id\":\"https:\\\/\\\/melaniebourlon.com\\\/sculpture-papier-mache\\\/#organization\"},\"potentialAction\":[{\"@type\":\"SearchAction\",\"target\":{\"@type\":\"EntryPoint\",\"urlTemplate\":\"https:\\\/\\\/melaniebourlon.com\\\/sculpture-papier-mache\\\/?s={search_term_string}\"},\"query-input\":{\"@type\":\"PropertyValueSpecification\",\"valueRequired\":true,\"valueName\":\"search_term_string\"}}],\"inLanguage\":\"fr-FR\"},{\"@type\":\"Organization\",\"@id\":\"https:\\\/\\\/melaniebourlon.com\\\/sculpture-papier-mache\\\/#organization\",\"name\":\"M\u00e9lanie Bourlon Sculpteur\",\"url\":\"https:\\\/\\\/melaniebourlon.com\\\/sculpture-papier-mache\\\/\",\"logo\":{\"@type\":\"ImageObject\",\"inLanguage\":\"fr-FR\",\"@id\":\"https:\\\/\\\/melaniebourlon.com\\\/sculpture-papier-mache\\\/#\\\/schema\\\/logo\\\/image\\\/\",\"url\":\"https:\\\/\\\/melaniebourlon.com\\\/sculpture-papier-mache\\\/wp-content\\\/uploads\\\/2018\\\/02\\\/LOGO-MELANIE-RVB.png\",\"contentUrl\":\"https:\\\/\\\/melaniebourlon.com\\\/sculpture-papier-mache\\\/wp-content\\\/uploads\\\/2018\\\/02\\\/LOGO-MELANIE-RVB.png\",\"width\":1666,\"height\":862,\"caption\":\"M\u00e9lanie Bourlon Sculpteur\"},\"image\":{\"@id\":\"https:\\\/\\\/melaniebourlon.com\\\/sculpture-papier-mache\\\/#\\\/schema\\\/logo\\\/image\\\/\"},\"sameAs\":[\"https:\\\/\\\/www.facebook.com\\\/melaniebourlonpapiermache\\\/\",\"https:\\\/\\\/x.com\\\/melaniebourlon\",\"https:\\\/\\\/www.instagram.com\\\/melaniebourlonsculptures\\\/\",\"https:\\\/\\\/www.pinterest.com\\\/sculptur\\\/\",\"https:\\\/\\\/www.youtube.com\\\/channel\\\/UC1EO1RtCiV85X6u-R5HTQCA\"]}]}<\/script>\n<!-- \/ Yoast SEO plugin. -->","yoast_head_json":{"title":"Lampe collection de champignons - Hauteur 33,6 cm | M\u00e9lanie Bourlon, Artiste Sculpteur | Cr\u00e9ations | Boutique","description":"Lampe collection de champignons - Hauteur 33,6 cm | Boutique des cr\u00e9ations de M\u00e9lanie Bourlon, sculptures en Papier M\u00e2ch\u00e9, tableaux, toiles, tabliers, cadeaux...","robots":{"index":"index","follow":"follow","max-snippet":"max-snippet:-1","max-image-preview":"max-image-preview:large","max-video-preview":"max-video-preview:-1"},"canonical":"https:\/\/melaniebourlon.com\/sculpture-papier-mache\/produit\/lampe-collection-de-champignons-hauteur-336-cm\/","og_locale":"fr_FR","og_type":"article","og_title":"Lampe collection de champignons - Hauteur 33,6 cm | M\u00e9lanie Bourlon, Artiste Sculpteur | Cr\u00e9ations | Boutique","og_description":"Lampe collection de champignons - Hauteur 33,6 cm | Boutique des cr\u00e9ations de M\u00e9lanie Bourlon, sculptures en Papier M\u00e2ch\u00e9, tableaux, toiles, tabliers, cadeaux...","og_url":"https:\/\/melaniebourlon.com\/sculpture-papier-mache\/produit\/lampe-collection-de-champignons-hauteur-336-cm\/","og_site_name":"M\u00e9lanie Bourlon, Artiste Sculpteur","article_publisher":"https:\/\/www.facebook.com\/melaniebourlonpapiermache\/","article_modified_time":"2025-11-26T10:07:34+00:00","og_image":[{"width":2421,"height":2478,"url":"https:\/\/melaniebourlon.com\/sculpture-papier-mache\/wp-content\/uploads\/2024\/12\/Lampe-aux-champignons.jpg","type":"image\/jpeg"}],"twitter_card":"summary_large_image","twitter_site":"@melaniebourlon","twitter_misc":{"Dur\u00e9e de lecture estim\u00e9e":"1 minute"},"schema":{"@context":"https:\/\/schema.org","@graph":[{"@type":"WebPage","@id":"https:\/\/melaniebourlon.com\/sculpture-papier-mache\/produit\/lampe-collection-de-champignons-hauteur-336-cm\/","url":"https:\/\/melaniebourlon.com\/sculpture-papier-mache\/produit\/lampe-collection-de-champignons-hauteur-336-cm\/","name":"Lampe collection de champignons - Hauteur 33,6 cm | M\u00e9lanie Bourlon, Artiste Sculpteur | Cr\u00e9ations | Boutique","isPartOf":{"@id":"https:\/\/melaniebourlon.com\/sculpture-papier-mache\/#website"},"primaryImageOfPage":{"@id":"https:\/\/melaniebourlon.com\/sculpture-papier-mache\/produit\/lampe-collection-de-champignons-hauteur-336-cm\/#primaryimage"},"image":{"@id":"https:\/\/melaniebourlon.com\/sculpture-papier-mache\/produit\/lampe-collection-de-champignons-hauteur-336-cm\/#primaryimage"},"thumbnailUrl":"https:\/\/melaniebourlon.com\/sculpture-papier-mache\/wp-content\/uploads\/2024\/12\/Lampe-aux-champignons.jpg","datePublished":"2025-11-26T10:05:34+00:00","dateModified":"2025-11-26T10:07:34+00:00","description":"Lampe collection de champignons - Hauteur 33,6 cm | Boutique des cr\u00e9ations de M\u00e9lanie Bourlon, sculptures en Papier M\u00e2ch\u00e9, tableaux, toiles, tabliers, cadeaux...","breadcrumb":{"@id":"https:\/\/melaniebourlon.com\/sculpture-papier-mache\/produit\/lampe-collection-de-champignons-hauteur-336-cm\/#breadcrumb"},"inLanguage":"fr-FR","potentialAction":[{"@type":"ReadAction","target":["https:\/\/melaniebourlon.com\/sculpture-papier-mache\/produit\/lampe-collection-de-champignons-hauteur-336-cm\/"]}]},{"@type":"ImageObject","inLanguage":"fr-FR","@id":"https:\/\/melaniebourlon.com\/sculpture-papier-mache\/produit\/lampe-collection-de-champignons-hauteur-336-cm\/#primaryimage","url":"https:\/\/melaniebourlon.com\/sculpture-papier-mache\/wp-content\/uploads\/2024\/12\/Lampe-aux-champignons.jpg","contentUrl":"https:\/\/melaniebourlon.com\/sculpture-papier-mache\/wp-content\/uploads\/2024\/12\/Lampe-aux-champignons.jpg","width":2421,"height":2478,"caption":"Lampe collection de champignons - Petite - melanie bourlon - papier m\u00e2ch\u00e9"},{"@type":"BreadcrumbList","@id":"https:\/\/melaniebourlon.com\/sculpture-papier-mache\/produit\/lampe-collection-de-champignons-hauteur-336-cm\/#breadcrumb","itemListElement":[{"@type":"ListItem","position":1,"name":"Accueil","item":"https:\/\/melaniebourlon.com\/sculpture-papier-mache\/"},{"@type":"ListItem","position":2,"name":"Boutique","item":"https:\/\/melaniebourlon.com\/sculpture-papier-mache\/boutique\/"},{"@type":"ListItem","position":3,"name":"Lampe collection de champignons &#8211; Hauteur 33,6 cm"}]},{"@type":"WebSite","@id":"https:\/\/melaniebourlon.com\/sculpture-papier-mache\/#website","url":"https:\/\/melaniebourlon.com\/sculpture-papier-mache\/","name":"M\u00e9lanie Bourlon, Artiste Sculpteur","description":"Sculptures en Papier M\u00e2ch\u00e9 &amp; Stages de modelage","publisher":{"@id":"https:\/\/melaniebourlon.com\/sculpture-papier-mache\/#organization"},"potentialAction":[{"@type":"SearchAction","target":{"@type":"EntryPoint","urlTemplate":"https:\/\/melaniebourlon.com\/sculpture-papier-mache\/?s={search_term_string}"},"query-input":{"@type":"PropertyValueSpecification","valueRequired":true,"valueName":"search_term_string"}}],"inLanguage":"fr-FR"},{"@type":"Organization","@id":"https:\/\/melaniebourlon.com\/sculpture-papier-mache\/#organization","name":"M\u00e9lanie Bourlon Sculpteur","url":"https:\/\/melaniebourlon.com\/sculpture-papier-mache\/","logo":{"@type":"ImageObject","inLanguage":"fr-FR","@id":"https:\/\/melaniebourlon.com\/sculpture-papier-mache\/#\/schema\/logo\/image\/","url":"https:\/\/melaniebourlon.com\/sculpture-papier-mache\/wp-content\/uploads\/2018\/02\/LOGO-MELANIE-RVB.png","contentUrl":"https:\/\/melaniebourlon.com\/sculpture-papier-mache\/wp-content\/uploads\/2018\/02\/LOGO-MELANIE-RVB.png","width":1666,"height":862,"caption":"M\u00e9lanie Bourlon Sculpteur"},"image":{"@id":"https:\/\/melaniebourlon.com\/sculpture-papier-mache\/#\/schema\/logo\/image\/"},"sameAs":["https:\/\/www.facebook.com\/melaniebourlonpapiermache\/","https:\/\/x.com\/melaniebourlon","https:\/\/www.instagram.com\/melaniebourlonsculptures\/","https:\/\/www.pinterest.com\/sculptur\/","https:\/\/www.youtube.com\/channel\/UC1EO1RtCiV85X6u-R5HTQCA"]}]}},"publishpress_future_action":{"enabled":false,"date":"2026-05-08 20:02:48","action":"change-status","newStatus":"draft","terms":[],"taxonomy":"product_cat","extraData":[]},"publishpress_future_workflow_manual_trigger":{"enabledWorkflows":[]},"_links":{"self":[{"href":"https:\/\/melaniebourlon.com\/sculpture-papier-mache\/wp-json\/wp\/v2\/product\/9290","targetHints":{"allow":["GET"]}}],"collection":[{"href":"https:\/\/melaniebourlon.com\/sculpture-papier-mache\/wp-json\/wp\/v2\/product"}],"about":[{"href":"https:\/\/melaniebourlon.com\/sculpture-papier-mache\/wp-json\/wp\/v2\/types\/product"}],"wp:featuredmedia":[{"embeddable":true,"href":"https:\/\/melaniebourlon.com\/sculpture-papier-mache\/wp-json\/wp\/v2\/media\/9267"}],"wp:attachment":[{"href":"https:\/\/melaniebourlon.com\/sculpture-papier-mache\/wp-json\/wp\/v2\/media?parent=9290"}],"wp:term":[{"taxonomy":"product_brand","embeddable":true,"href":"https:\/\/melaniebourlon.com\/sculpture-papier-mache\/wp-json\/wp\/v2\/product_brand?post=9290"},{"taxonomy":"product_cat","embeddable":true,"href":"https:\/\/melaniebourlon.com\/sculpture-papier-mache\/wp-json\/wp\/v2\/product_cat?post=9290"},{"taxonomy":"product_tag","embeddable":true,"href":"https:\/\/melaniebourlon.com\/sculpture-papier-mache\/wp-json\/wp\/v2\/product_tag?post=9290"}],"curies":[{"name":"wp","href":"https:\/\/api.w.org\/{rel}","templated":true}]}}