{"id":5654,"date":"2021-10-05T10:15:14","date_gmt":"2021-10-05T08:15:14","guid":{"rendered":"https:\/\/melaniebourlon.com\/sculpture-papier-mache\/?post_type=product&#038;p=5654"},"modified":"2021-10-12T13:01:24","modified_gmt":"2021-10-12T11:01:24","slug":"tete-de-lionne-garglionne","status":"publish","type":"product","link":"https:\/\/melaniebourlon.com\/sculpture-papier-mache\/produit\/tete-de-lionne-garglionne\/","title":{"rendered":"Garglionne"},"content":{"rendered":"","protected":false},"excerpt":{"rendered":"<p>T\u00eate de lionne en Papier M\u00e2ch\u00e9<br \/>\nTroph\u00e9e en taille r\u00e9elle<\/p>\n<p>Travail de commande d&rsquo;un modelage initial en papier m\u00e2ch\u00e9, ayant servi de base \u00e0 la construction de t\u00eates de lionnes en fonte au Lyc\u00e9e Ferney-Voltaire de Saint-Genis-Pouilly en Pays de Gex.<\/p>\n<p>Parution d&rsquo;un article dans le magazine A&amp;t, Architectures &amp; Territoires, la revue des architectes Auvergne-Rh\u00f4ne-Alpes :<br \/>\n<em>\u00ab\u00a0(&#8230;)En plus d&rsquo;\u00eatre un lieu d&rsquo;observation et de p\u00e9dagogie de la nature, le jardin joue aussi le r\u00f4le d&rsquo;impluvium puisque toutes les eaux de pluie doivent \u00eatre g\u00e9r\u00e9es \u00e0 la parcelle dans une r\u00e9gion tr\u00e8s humide et sur un terrain, au d\u00e9part, presque mar\u00e9cageux.<\/em><br \/>\n<em>Les sorties des eaux pluviales des toitures ont fait l&rsquo;objet d&rsquo;un travail de l&rsquo;artiste M\u00e9lanie Bourlon qui a con\u00e7u des t\u00eates de lionnes en fonte, f\u00e9minines, douces et pr\u00e9cieuses, en contraste avec le c\u00f4t\u00e9 brutal de la for\u00eat.(&#8230;)\u00a0\u00bb. Photo article Studio Erick Saillet<\/em><\/p>\n<p><em>Vendu<\/em><\/p>\n","protected":false},"featured_media":5664,"template":"","meta":{"_et_pb_use_builder":"off","_et_pb_old_content":"","_et_gb_content_width":""},"product_brand":[],"product_cat":[16,15],"product_tag":[],"class_list":{"0":"post-5654","1":"product","2":"type-product","3":"status-publish","4":"has-post-thumbnail","6":"product_cat-animaux","7":"product_cat-sculpture","9":"first","10":"outofstock","11":"shipping-taxable","12":"product-type-simple"},"yoast_head":"<!-- This site is optimized with the Yoast SEO plugin v27.4 - https:\/\/yoast.com\/product\/yoast-seo-wordpress\/ -->\n<title>Garglionne | Animaux | Sculpture en papier m\u00e2ch\u00e9 | M\u00e9lanie Bourlon<\/title>\n<meta name=\"description\" content=\"Garglionne | Cr\u00e9ation de M\u00e9lanie Bourlon, sculptures en Papier M\u00e2ch\u00e9, cabinet de curiosit\u00e9s, animaux en papier, bestiaire\" \/>\n<meta name=\"robots\" content=\"index, follow, max-snippet:-1, max-image-preview:large, max-video-preview:-1\" \/>\n<link rel=\"canonical\" href=\"https:\/\/melaniebourlon.com\/sculpture-papier-mache\/produit\/tete-de-lionne-garglionne\/\" \/>\n<meta property=\"og:locale\" content=\"fr_FR\" \/>\n<meta property=\"og:type\" content=\"article\" \/>\n<meta property=\"og:title\" content=\"Garglionne | Animaux | Sculpture en papier m\u00e2ch\u00e9 | M\u00e9lanie Bourlon\" \/>\n<meta property=\"og:description\" content=\"Garglionne | Cr\u00e9ation de M\u00e9lanie Bourlon, sculptures en Papier M\u00e2ch\u00e9, cabinet de curiosit\u00e9s, animaux en papier, bestiaire\" \/>\n<meta property=\"og:url\" content=\"https:\/\/melaniebourlon.com\/sculpture-papier-mache\/produit\/tete-de-lionne-garglionne\/\" \/>\n<meta property=\"og:site_name\" content=\"M\u00e9lanie Bourlon, Artiste Sculpteur\" \/>\n<meta property=\"article:publisher\" content=\"https:\/\/www.facebook.com\/melaniebourlonpapiermache\/\" \/>\n<meta property=\"article:modified_time\" content=\"2021-10-12T11:01:24+00:00\" \/>\n<meta property=\"og:image\" content=\"https:\/\/melaniebourlon.com\/sculpture-papier-mache\/wp-content\/uploads\/2021\/10\/tete-de-lionne.jpg\" \/>\n\t<meta property=\"og:image:width\" content=\"700\" \/>\n\t<meta property=\"og:image:height\" content=\"840\" \/>\n\t<meta property=\"og:image:type\" content=\"image\/jpeg\" \/>\n<meta name=\"twitter:card\" content=\"summary_large_image\" \/>\n<meta name=\"twitter:site\" content=\"@melaniebourlon\" \/>\n<script type=\"application\/ld+json\" class=\"yoast-schema-graph\">{\"@context\":\"https:\\\/\\\/schema.org\",\"@graph\":[{\"@type\":\"WebPage\",\"@id\":\"https:\\\/\\\/melaniebourlon.com\\\/sculpture-papier-mache\\\/produit\\\/tete-de-lionne-garglionne\\\/\",\"url\":\"https:\\\/\\\/melaniebourlon.com\\\/sculpture-papier-mache\\\/produit\\\/tete-de-lionne-garglionne\\\/\",\"name\":\"Garglionne | Animaux | Sculpture en papier m\u00e2ch\u00e9 | M\u00e9lanie Bourlon\",\"isPartOf\":{\"@id\":\"https:\\\/\\\/melaniebourlon.com\\\/sculpture-papier-mache\\\/#website\"},\"primaryImageOfPage\":{\"@id\":\"https:\\\/\\\/melaniebourlon.com\\\/sculpture-papier-mache\\\/produit\\\/tete-de-lionne-garglionne\\\/#primaryimage\"},\"image\":{\"@id\":\"https:\\\/\\\/melaniebourlon.com\\\/sculpture-papier-mache\\\/produit\\\/tete-de-lionne-garglionne\\\/#primaryimage\"},\"thumbnailUrl\":\"https:\\\/\\\/melaniebourlon.com\\\/sculpture-papier-mache\\\/wp-content\\\/uploads\\\/2021\\\/10\\\/tete-de-lionne.jpg\",\"datePublished\":\"2021-10-05T08:15:14+00:00\",\"dateModified\":\"2021-10-12T11:01:24+00:00\",\"description\":\"Garglionne | Cr\u00e9ation de M\u00e9lanie Bourlon, sculptures en Papier M\u00e2ch\u00e9, cabinet de curiosit\u00e9s, animaux en papier, bestiaire\",\"breadcrumb\":{\"@id\":\"https:\\\/\\\/melaniebourlon.com\\\/sculpture-papier-mache\\\/produit\\\/tete-de-lionne-garglionne\\\/#breadcrumb\"},\"inLanguage\":\"fr-FR\",\"potentialAction\":[{\"@type\":\"ReadAction\",\"target\":[\"https:\\\/\\\/melaniebourlon.com\\\/sculpture-papier-mache\\\/produit\\\/tete-de-lionne-garglionne\\\/\"]}]},{\"@type\":\"ImageObject\",\"inLanguage\":\"fr-FR\",\"@id\":\"https:\\\/\\\/melaniebourlon.com\\\/sculpture-papier-mache\\\/produit\\\/tete-de-lionne-garglionne\\\/#primaryimage\",\"url\":\"https:\\\/\\\/melaniebourlon.com\\\/sculpture-papier-mache\\\/wp-content\\\/uploads\\\/2021\\\/10\\\/tete-de-lionne.jpg\",\"contentUrl\":\"https:\\\/\\\/melaniebourlon.com\\\/sculpture-papier-mache\\\/wp-content\\\/uploads\\\/2021\\\/10\\\/tete-de-lionne.jpg\",\"width\":700,\"height\":840,\"caption\":\"Garglionne, troph\u00e9e t\u00eate de lionne en Papier M\u00e2ch\u00e9, M\u00e9lanie Bourlon sculptures\"},{\"@type\":\"BreadcrumbList\",\"@id\":\"https:\\\/\\\/melaniebourlon.com\\\/sculpture-papier-mache\\\/produit\\\/tete-de-lionne-garglionne\\\/#breadcrumb\",\"itemListElement\":[{\"@type\":\"ListItem\",\"position\":1,\"name\":\"Accueil\",\"item\":\"https:\\\/\\\/melaniebourlon.com\\\/sculpture-papier-mache\\\/\"},{\"@type\":\"ListItem\",\"position\":2,\"name\":\"Boutique\",\"item\":\"https:\\\/\\\/melaniebourlon.com\\\/sculpture-papier-mache\\\/boutique\\\/\"},{\"@type\":\"ListItem\",\"position\":3,\"name\":\"Garglionne\"}]},{\"@type\":\"WebSite\",\"@id\":\"https:\\\/\\\/melaniebourlon.com\\\/sculpture-papier-mache\\\/#website\",\"url\":\"https:\\\/\\\/melaniebourlon.com\\\/sculpture-papier-mache\\\/\",\"name\":\"M\u00e9lanie Bourlon, Artiste Sculpteur\",\"description\":\"Sculptures en Papier M\u00e2ch\u00e9 &amp; Stages de modelage\",\"publisher\":{\"@id\":\"https:\\\/\\\/melaniebourlon.com\\\/sculpture-papier-mache\\\/#organization\"},\"potentialAction\":[{\"@type\":\"SearchAction\",\"target\":{\"@type\":\"EntryPoint\",\"urlTemplate\":\"https:\\\/\\\/melaniebourlon.com\\\/sculpture-papier-mache\\\/?s={search_term_string}\"},\"query-input\":{\"@type\":\"PropertyValueSpecification\",\"valueRequired\":true,\"valueName\":\"search_term_string\"}}],\"inLanguage\":\"fr-FR\"},{\"@type\":\"Organization\",\"@id\":\"https:\\\/\\\/melaniebourlon.com\\\/sculpture-papier-mache\\\/#organization\",\"name\":\"M\u00e9lanie Bourlon Sculpteur\",\"url\":\"https:\\\/\\\/melaniebourlon.com\\\/sculpture-papier-mache\\\/\",\"logo\":{\"@type\":\"ImageObject\",\"inLanguage\":\"fr-FR\",\"@id\":\"https:\\\/\\\/melaniebourlon.com\\\/sculpture-papier-mache\\\/#\\\/schema\\\/logo\\\/image\\\/\",\"url\":\"https:\\\/\\\/melaniebourlon.com\\\/sculpture-papier-mache\\\/wp-content\\\/uploads\\\/2018\\\/02\\\/LOGO-MELANIE-RVB.png\",\"contentUrl\":\"https:\\\/\\\/melaniebourlon.com\\\/sculpture-papier-mache\\\/wp-content\\\/uploads\\\/2018\\\/02\\\/LOGO-MELANIE-RVB.png\",\"width\":1666,\"height\":862,\"caption\":\"M\u00e9lanie Bourlon Sculpteur\"},\"image\":{\"@id\":\"https:\\\/\\\/melaniebourlon.com\\\/sculpture-papier-mache\\\/#\\\/schema\\\/logo\\\/image\\\/\"},\"sameAs\":[\"https:\\\/\\\/www.facebook.com\\\/melaniebourlonpapiermache\\\/\",\"https:\\\/\\\/x.com\\\/melaniebourlon\",\"https:\\\/\\\/www.instagram.com\\\/melaniebourlonsculptures\\\/\",\"https:\\\/\\\/www.pinterest.com\\\/sculptur\\\/\",\"https:\\\/\\\/www.youtube.com\\\/channel\\\/UC1EO1RtCiV85X6u-R5HTQCA\"]}]}<\/script>\n<!-- \/ Yoast SEO plugin. -->","yoast_head_json":{"title":"Garglionne | Animaux | Sculpture en papier m\u00e2ch\u00e9 | M\u00e9lanie Bourlon","description":"Garglionne | Cr\u00e9ation de M\u00e9lanie Bourlon, sculptures en Papier M\u00e2ch\u00e9, cabinet de curiosit\u00e9s, animaux en papier, bestiaire","robots":{"index":"index","follow":"follow","max-snippet":"max-snippet:-1","max-image-preview":"max-image-preview:large","max-video-preview":"max-video-preview:-1"},"canonical":"https:\/\/melaniebourlon.com\/sculpture-papier-mache\/produit\/tete-de-lionne-garglionne\/","og_locale":"fr_FR","og_type":"article","og_title":"Garglionne | Animaux | Sculpture en papier m\u00e2ch\u00e9 | M\u00e9lanie Bourlon","og_description":"Garglionne | Cr\u00e9ation de M\u00e9lanie Bourlon, sculptures en Papier M\u00e2ch\u00e9, cabinet de curiosit\u00e9s, animaux en papier, bestiaire","og_url":"https:\/\/melaniebourlon.com\/sculpture-papier-mache\/produit\/tete-de-lionne-garglionne\/","og_site_name":"M\u00e9lanie Bourlon, Artiste Sculpteur","article_publisher":"https:\/\/www.facebook.com\/melaniebourlonpapiermache\/","article_modified_time":"2021-10-12T11:01:24+00:00","og_image":[{"width":700,"height":840,"url":"https:\/\/melaniebourlon.com\/sculpture-papier-mache\/wp-content\/uploads\/2021\/10\/tete-de-lionne.jpg","type":"image\/jpeg"}],"twitter_card":"summary_large_image","twitter_site":"@melaniebourlon","schema":{"@context":"https:\/\/schema.org","@graph":[{"@type":"WebPage","@id":"https:\/\/melaniebourlon.com\/sculpture-papier-mache\/produit\/tete-de-lionne-garglionne\/","url":"https:\/\/melaniebourlon.com\/sculpture-papier-mache\/produit\/tete-de-lionne-garglionne\/","name":"Garglionne | Animaux | Sculpture en papier m\u00e2ch\u00e9 | M\u00e9lanie Bourlon","isPartOf":{"@id":"https:\/\/melaniebourlon.com\/sculpture-papier-mache\/#website"},"primaryImageOfPage":{"@id":"https:\/\/melaniebourlon.com\/sculpture-papier-mache\/produit\/tete-de-lionne-garglionne\/#primaryimage"},"image":{"@id":"https:\/\/melaniebourlon.com\/sculpture-papier-mache\/produit\/tete-de-lionne-garglionne\/#primaryimage"},"thumbnailUrl":"https:\/\/melaniebourlon.com\/sculpture-papier-mache\/wp-content\/uploads\/2021\/10\/tete-de-lionne.jpg","datePublished":"2021-10-05T08:15:14+00:00","dateModified":"2021-10-12T11:01:24+00:00","description":"Garglionne | Cr\u00e9ation de M\u00e9lanie Bourlon, sculptures en Papier M\u00e2ch\u00e9, cabinet de curiosit\u00e9s, animaux en papier, bestiaire","breadcrumb":{"@id":"https:\/\/melaniebourlon.com\/sculpture-papier-mache\/produit\/tete-de-lionne-garglionne\/#breadcrumb"},"inLanguage":"fr-FR","potentialAction":[{"@type":"ReadAction","target":["https:\/\/melaniebourlon.com\/sculpture-papier-mache\/produit\/tete-de-lionne-garglionne\/"]}]},{"@type":"ImageObject","inLanguage":"fr-FR","@id":"https:\/\/melaniebourlon.com\/sculpture-papier-mache\/produit\/tete-de-lionne-garglionne\/#primaryimage","url":"https:\/\/melaniebourlon.com\/sculpture-papier-mache\/wp-content\/uploads\/2021\/10\/tete-de-lionne.jpg","contentUrl":"https:\/\/melaniebourlon.com\/sculpture-papier-mache\/wp-content\/uploads\/2021\/10\/tete-de-lionne.jpg","width":700,"height":840,"caption":"Garglionne, troph\u00e9e t\u00eate de lionne en Papier M\u00e2ch\u00e9, M\u00e9lanie Bourlon sculptures"},{"@type":"BreadcrumbList","@id":"https:\/\/melaniebourlon.com\/sculpture-papier-mache\/produit\/tete-de-lionne-garglionne\/#breadcrumb","itemListElement":[{"@type":"ListItem","position":1,"name":"Accueil","item":"https:\/\/melaniebourlon.com\/sculpture-papier-mache\/"},{"@type":"ListItem","position":2,"name":"Boutique","item":"https:\/\/melaniebourlon.com\/sculpture-papier-mache\/boutique\/"},{"@type":"ListItem","position":3,"name":"Garglionne"}]},{"@type":"WebSite","@id":"https:\/\/melaniebourlon.com\/sculpture-papier-mache\/#website","url":"https:\/\/melaniebourlon.com\/sculpture-papier-mache\/","name":"M\u00e9lanie Bourlon, Artiste Sculpteur","description":"Sculptures en Papier M\u00e2ch\u00e9 &amp; Stages de modelage","publisher":{"@id":"https:\/\/melaniebourlon.com\/sculpture-papier-mache\/#organization"},"potentialAction":[{"@type":"SearchAction","target":{"@type":"EntryPoint","urlTemplate":"https:\/\/melaniebourlon.com\/sculpture-papier-mache\/?s={search_term_string}"},"query-input":{"@type":"PropertyValueSpecification","valueRequired":true,"valueName":"search_term_string"}}],"inLanguage":"fr-FR"},{"@type":"Organization","@id":"https:\/\/melaniebourlon.com\/sculpture-papier-mache\/#organization","name":"M\u00e9lanie Bourlon Sculpteur","url":"https:\/\/melaniebourlon.com\/sculpture-papier-mache\/","logo":{"@type":"ImageObject","inLanguage":"fr-FR","@id":"https:\/\/melaniebourlon.com\/sculpture-papier-mache\/#\/schema\/logo\/image\/","url":"https:\/\/melaniebourlon.com\/sculpture-papier-mache\/wp-content\/uploads\/2018\/02\/LOGO-MELANIE-RVB.png","contentUrl":"https:\/\/melaniebourlon.com\/sculpture-papier-mache\/wp-content\/uploads\/2018\/02\/LOGO-MELANIE-RVB.png","width":1666,"height":862,"caption":"M\u00e9lanie Bourlon Sculpteur"},"image":{"@id":"https:\/\/melaniebourlon.com\/sculpture-papier-mache\/#\/schema\/logo\/image\/"},"sameAs":["https:\/\/www.facebook.com\/melaniebourlonpapiermache\/","https:\/\/x.com\/melaniebourlon","https:\/\/www.instagram.com\/melaniebourlonsculptures\/","https:\/\/www.pinterest.com\/sculptur\/","https:\/\/www.youtube.com\/channel\/UC1EO1RtCiV85X6u-R5HTQCA"]}]}},"publishpress_future_action":{"enabled":false,"date":"2026-05-01 12:42:30","action":"change-status","newStatus":"draft","terms":[],"taxonomy":"product_cat","extraData":[]},"publishpress_future_workflow_manual_trigger":{"enabledWorkflows":[]},"_links":{"self":[{"href":"https:\/\/melaniebourlon.com\/sculpture-papier-mache\/wp-json\/wp\/v2\/product\/5654","targetHints":{"allow":["GET"]}}],"collection":[{"href":"https:\/\/melaniebourlon.com\/sculpture-papier-mache\/wp-json\/wp\/v2\/product"}],"about":[{"href":"https:\/\/melaniebourlon.com\/sculpture-papier-mache\/wp-json\/wp\/v2\/types\/product"}],"wp:featuredmedia":[{"embeddable":true,"href":"https:\/\/melaniebourlon.com\/sculpture-papier-mache\/wp-json\/wp\/v2\/media\/5664"}],"wp:attachment":[{"href":"https:\/\/melaniebourlon.com\/sculpture-papier-mache\/wp-json\/wp\/v2\/media?parent=5654"}],"wp:term":[{"taxonomy":"product_brand","embeddable":true,"href":"https:\/\/melaniebourlon.com\/sculpture-papier-mache\/wp-json\/wp\/v2\/product_brand?post=5654"},{"taxonomy":"product_cat","embeddable":true,"href":"https:\/\/melaniebourlon.com\/sculpture-papier-mache\/wp-json\/wp\/v2\/product_cat?post=5654"},{"taxonomy":"product_tag","embeddable":true,"href":"https:\/\/melaniebourlon.com\/sculpture-papier-mache\/wp-json\/wp\/v2\/product_tag?post=5654"}],"curies":[{"name":"wp","href":"https:\/\/api.w.org\/{rel}","templated":true}]}}