{"id":5651,"date":"2021-10-05T10:02:07","date_gmt":"2021-10-05T08:02:07","guid":{"rendered":"https:\/\/melaniebourlon.com\/sculpture-papier-mache\/?post_type=product&#038;p=5651"},"modified":"2025-04-01T10:24:00","modified_gmt":"2025-04-01T08:24:00","slug":"orange","status":"publish","type":"product","link":"https:\/\/melaniebourlon.com\/sculpture-papier-mache\/produit\/orange\/","title":{"rendered":"Orange g\u00e9ante command\u00e9 par le MUCEM"},"content":{"rendered":"<div dir=\"auto\"><\/div>\n","protected":false},"excerpt":{"rendered":"<p>Papier m\u00e2ch\u00e9 brut<\/p>\n<p>Command\u00e9e par le <a class=\"oajrlxb2 g5ia77u1 qu0x051f esr5mh6w e9989ue4 r7d6kgcz rq0escxv nhd2j8a9 nc684nl6 p7hjln8o kvgmc6g5 cxmmr5t8 oygrvhab hcukyx3x jb3vyjys rz4wbd8a qt6c0cv9 a8nywdso i1ao9s8h esuyzwwr f1sip0of lzcic4wl q66pz984 gpro0wi8 b1v8xokw\" tabindex=\"0\" role=\"link\" href=\"https:\/\/www.facebook.com\/lemucem\/?__cft__[0]=AZVIlJnErfaJQyta73SoAVzwmVTeDgoYAfGXt0Yxiqb6p29FUcb3Lkb7p8CIGvvLG5iJirzsuNqDX-eC55v5Sj2bhQvRYRa6al8Eu6ogLM99bsRrRNNMJSQYd3jadItsUV0v-OyFkv3FoPeymiYBraSS&amp;__tn__=kK-R\"><span class=\"nc684nl6\">Mucem,<\/span><\/a> cette orange est d\u00e9volue \u00e0 la c\u00e9r\u00e9monie des offrandes de la Petite Amal, accueillie par le mus\u00e9e \u00e0 Marseille les 22 et 23 septembre 2021.<\/p>\n<p>30 cm x 30 cm<\/p>\n<p>La Petite Amal est une marionnette de 3,5 m\u00e8tres qui repr\u00e9sente une petite fille syrienne, con\u00e7ue par la Handspring Puppet Company. Partie \u00e0 la recherche de sa m\u00e8re, elle a quitt\u00e9 Gaziantep \u00e0 la fronti\u00e8re turco-syrienne en juillet 2021, et traverse l\u2019Italie pour arriver en France le 21 septembre 2021 et le lendemain \u00e0 Marseille. Porte-parole des enfants non-accompagn\u00e9s, Amal marche plus de 8 000 km pour transmettre son message : \u00a0\u00bb Ne nous oubliez pas \u00ab\u00a0<\/p>\n","protected":false},"featured_media":5652,"template":"","meta":{"_et_pb_use_builder":"","_et_pb_old_content":"","_et_gb_content_width":""},"product_brand":[],"product_cat":[19,15],"product_tag":[],"class_list":{"0":"post-5651","1":"product","2":"type-product","3":"status-publish","4":"has-post-thumbnail","6":"product_cat-epicerie","7":"product_cat-sculpture","9":"first","10":"outofstock","11":"shipping-taxable","12":"product-type-simple"},"yoast_head":"<!-- This site is optimized with the Yoast SEO plugin v27.5 - https:\/\/yoast.com\/product\/yoast-seo-wordpress\/ -->\n<title>Orange g\u00e9ante command\u00e9 par le MUCEM | Epicerie | Sculpture en papier m\u00e2ch\u00e9 | M\u00e9lanie Bourlon<\/title>\n<meta name=\"description\" content=\"Orange g\u00e9ante command\u00e9 par le MUCEM | Cr\u00e9ation de M\u00e9lanie Bourlon, sculptures en Papier M\u00e2ch\u00e9, cabinet de curiosit\u00e9s, animaux en papier, bestiaire\" \/>\n<meta name=\"robots\" content=\"index, follow, max-snippet:-1, max-image-preview:large, max-video-preview:-1\" \/>\n<link rel=\"canonical\" href=\"https:\/\/melaniebourlon.com\/sculpture-papier-mache\/produit\/orange\/\" \/>\n<meta property=\"og:locale\" content=\"fr_FR\" \/>\n<meta property=\"og:type\" content=\"article\" \/>\n<meta property=\"og:title\" content=\"Orange g\u00e9ante command\u00e9 par le MUCEM | Epicerie | Sculpture en papier m\u00e2ch\u00e9 | M\u00e9lanie Bourlon\" \/>\n<meta property=\"og:description\" content=\"Orange g\u00e9ante command\u00e9 par le MUCEM | Cr\u00e9ation de M\u00e9lanie Bourlon, sculptures en Papier M\u00e2ch\u00e9, cabinet de curiosit\u00e9s, animaux en papier, bestiaire\" \/>\n<meta property=\"og:url\" content=\"https:\/\/melaniebourlon.com\/sculpture-papier-mache\/produit\/orange\/\" \/>\n<meta property=\"og:site_name\" content=\"M\u00e9lanie Bourlon, Artiste Sculpteur\" \/>\n<meta property=\"article:publisher\" content=\"https:\/\/www.facebook.com\/melaniebourlonpapiermache\/\" \/>\n<meta property=\"article:modified_time\" content=\"2025-04-01T08:24:00+00:00\" \/>\n<meta property=\"og:image\" content=\"https:\/\/melaniebourlon.com\/sculpture-papier-mache\/wp-content\/uploads\/2021\/10\/DSC_4509.jpg\" \/>\n\t<meta property=\"og:image:width\" content=\"437\" \/>\n\t<meta property=\"og:image:height\" content=\"292\" \/>\n\t<meta property=\"og:image:type\" content=\"image\/jpeg\" \/>\n<meta name=\"twitter:card\" content=\"summary_large_image\" \/>\n<meta name=\"twitter:site\" content=\"@melaniebourlon\" \/>\n<meta name=\"twitter:label1\" content=\"Dur\u00e9e de lecture estim\u00e9e\" \/>\n\t<meta name=\"twitter:data1\" content=\"1 minute\" \/>\n<script type=\"application\/ld+json\" class=\"yoast-schema-graph\">{\"@context\":\"https:\\\/\\\/schema.org\",\"@graph\":[{\"@type\":\"WebPage\",\"@id\":\"https:\\\/\\\/melaniebourlon.com\\\/sculpture-papier-mache\\\/produit\\\/orange\\\/\",\"url\":\"https:\\\/\\\/melaniebourlon.com\\\/sculpture-papier-mache\\\/produit\\\/orange\\\/\",\"name\":\"Orange g\u00e9ante command\u00e9 par le MUCEM | Epicerie | Sculpture en papier m\u00e2ch\u00e9 | M\u00e9lanie Bourlon\",\"isPartOf\":{\"@id\":\"https:\\\/\\\/melaniebourlon.com\\\/sculpture-papier-mache\\\/#website\"},\"primaryImageOfPage\":{\"@id\":\"https:\\\/\\\/melaniebourlon.com\\\/sculpture-papier-mache\\\/produit\\\/orange\\\/#primaryimage\"},\"image\":{\"@id\":\"https:\\\/\\\/melaniebourlon.com\\\/sculpture-papier-mache\\\/produit\\\/orange\\\/#primaryimage\"},\"thumbnailUrl\":\"https:\\\/\\\/melaniebourlon.com\\\/sculpture-papier-mache\\\/wp-content\\\/uploads\\\/2021\\\/10\\\/DSC_4509.jpg\",\"datePublished\":\"2021-10-05T08:02:07+00:00\",\"dateModified\":\"2025-04-01T08:24:00+00:00\",\"description\":\"Orange g\u00e9ante command\u00e9 par le MUCEM | Cr\u00e9ation de M\u00e9lanie Bourlon, sculptures en Papier M\u00e2ch\u00e9, cabinet de curiosit\u00e9s, animaux en papier, bestiaire\",\"breadcrumb\":{\"@id\":\"https:\\\/\\\/melaniebourlon.com\\\/sculpture-papier-mache\\\/produit\\\/orange\\\/#breadcrumb\"},\"inLanguage\":\"fr-FR\",\"potentialAction\":[{\"@type\":\"ReadAction\",\"target\":[\"https:\\\/\\\/melaniebourlon.com\\\/sculpture-papier-mache\\\/produit\\\/orange\\\/\"]}]},{\"@type\":\"ImageObject\",\"inLanguage\":\"fr-FR\",\"@id\":\"https:\\\/\\\/melaniebourlon.com\\\/sculpture-papier-mache\\\/produit\\\/orange\\\/#primaryimage\",\"url\":\"https:\\\/\\\/melaniebourlon.com\\\/sculpture-papier-mache\\\/wp-content\\\/uploads\\\/2021\\\/10\\\/DSC_4509.jpg\",\"contentUrl\":\"https:\\\/\\\/melaniebourlon.com\\\/sculpture-papier-mache\\\/wp-content\\\/uploads\\\/2021\\\/10\\\/DSC_4509.jpg\",\"width\":437,\"height\":292,\"caption\":\"Orange - sculpture - papier m\u00e2ch\u00e9 - Melanie Bourlon\"},{\"@type\":\"BreadcrumbList\",\"@id\":\"https:\\\/\\\/melaniebourlon.com\\\/sculpture-papier-mache\\\/produit\\\/orange\\\/#breadcrumb\",\"itemListElement\":[{\"@type\":\"ListItem\",\"position\":1,\"name\":\"Accueil\",\"item\":\"https:\\\/\\\/melaniebourlon.com\\\/sculpture-papier-mache\\\/\"},{\"@type\":\"ListItem\",\"position\":2,\"name\":\"Boutique\",\"item\":\"https:\\\/\\\/melaniebourlon.com\\\/sculpture-papier-mache\\\/boutique\\\/\"},{\"@type\":\"ListItem\",\"position\":3,\"name\":\"Orange g\u00e9ante command\u00e9 par le MUCEM\"}]},{\"@type\":\"WebSite\",\"@id\":\"https:\\\/\\\/melaniebourlon.com\\\/sculpture-papier-mache\\\/#website\",\"url\":\"https:\\\/\\\/melaniebourlon.com\\\/sculpture-papier-mache\\\/\",\"name\":\"M\u00e9lanie Bourlon, Artiste Sculpteur\",\"description\":\"Sculptures en Papier M\u00e2ch\u00e9 &amp; Stages de modelage\",\"publisher\":{\"@id\":\"https:\\\/\\\/melaniebourlon.com\\\/sculpture-papier-mache\\\/#organization\"},\"potentialAction\":[{\"@type\":\"SearchAction\",\"target\":{\"@type\":\"EntryPoint\",\"urlTemplate\":\"https:\\\/\\\/melaniebourlon.com\\\/sculpture-papier-mache\\\/?s={search_term_string}\"},\"query-input\":{\"@type\":\"PropertyValueSpecification\",\"valueRequired\":true,\"valueName\":\"search_term_string\"}}],\"inLanguage\":\"fr-FR\"},{\"@type\":\"Organization\",\"@id\":\"https:\\\/\\\/melaniebourlon.com\\\/sculpture-papier-mache\\\/#organization\",\"name\":\"M\u00e9lanie Bourlon Sculpteur\",\"url\":\"https:\\\/\\\/melaniebourlon.com\\\/sculpture-papier-mache\\\/\",\"logo\":{\"@type\":\"ImageObject\",\"inLanguage\":\"fr-FR\",\"@id\":\"https:\\\/\\\/melaniebourlon.com\\\/sculpture-papier-mache\\\/#\\\/schema\\\/logo\\\/image\\\/\",\"url\":\"https:\\\/\\\/melaniebourlon.com\\\/sculpture-papier-mache\\\/wp-content\\\/uploads\\\/2018\\\/02\\\/LOGO-MELANIE-RVB.png\",\"contentUrl\":\"https:\\\/\\\/melaniebourlon.com\\\/sculpture-papier-mache\\\/wp-content\\\/uploads\\\/2018\\\/02\\\/LOGO-MELANIE-RVB.png\",\"width\":1666,\"height\":862,\"caption\":\"M\u00e9lanie Bourlon Sculpteur\"},\"image\":{\"@id\":\"https:\\\/\\\/melaniebourlon.com\\\/sculpture-papier-mache\\\/#\\\/schema\\\/logo\\\/image\\\/\"},\"sameAs\":[\"https:\\\/\\\/www.facebook.com\\\/melaniebourlonpapiermache\\\/\",\"https:\\\/\\\/x.com\\\/melaniebourlon\",\"https:\\\/\\\/www.instagram.com\\\/melaniebourlonsculptures\\\/\",\"https:\\\/\\\/www.pinterest.com\\\/sculptur\\\/\",\"https:\\\/\\\/www.youtube.com\\\/channel\\\/UC1EO1RtCiV85X6u-R5HTQCA\"]}]}<\/script>\n<!-- \/ Yoast SEO plugin. -->","yoast_head_json":{"title":"Orange g\u00e9ante command\u00e9 par le MUCEM | Epicerie | Sculpture en papier m\u00e2ch\u00e9 | M\u00e9lanie Bourlon","description":"Orange g\u00e9ante command\u00e9 par le MUCEM | Cr\u00e9ation de M\u00e9lanie Bourlon, sculptures en Papier M\u00e2ch\u00e9, cabinet de curiosit\u00e9s, animaux en papier, bestiaire","robots":{"index":"index","follow":"follow","max-snippet":"max-snippet:-1","max-image-preview":"max-image-preview:large","max-video-preview":"max-video-preview:-1"},"canonical":"https:\/\/melaniebourlon.com\/sculpture-papier-mache\/produit\/orange\/","og_locale":"fr_FR","og_type":"article","og_title":"Orange g\u00e9ante command\u00e9 par le MUCEM | Epicerie | Sculpture en papier m\u00e2ch\u00e9 | M\u00e9lanie Bourlon","og_description":"Orange g\u00e9ante command\u00e9 par le MUCEM | Cr\u00e9ation de M\u00e9lanie Bourlon, sculptures en Papier M\u00e2ch\u00e9, cabinet de curiosit\u00e9s, animaux en papier, bestiaire","og_url":"https:\/\/melaniebourlon.com\/sculpture-papier-mache\/produit\/orange\/","og_site_name":"M\u00e9lanie Bourlon, Artiste Sculpteur","article_publisher":"https:\/\/www.facebook.com\/melaniebourlonpapiermache\/","article_modified_time":"2025-04-01T08:24:00+00:00","og_image":[{"width":437,"height":292,"url":"https:\/\/melaniebourlon.com\/sculpture-papier-mache\/wp-content\/uploads\/2021\/10\/DSC_4509.jpg","type":"image\/jpeg"}],"twitter_card":"summary_large_image","twitter_site":"@melaniebourlon","twitter_misc":{"Dur\u00e9e de lecture estim\u00e9e":"1 minute"},"schema":{"@context":"https:\/\/schema.org","@graph":[{"@type":"WebPage","@id":"https:\/\/melaniebourlon.com\/sculpture-papier-mache\/produit\/orange\/","url":"https:\/\/melaniebourlon.com\/sculpture-papier-mache\/produit\/orange\/","name":"Orange g\u00e9ante command\u00e9 par le MUCEM | Epicerie | Sculpture en papier m\u00e2ch\u00e9 | M\u00e9lanie Bourlon","isPartOf":{"@id":"https:\/\/melaniebourlon.com\/sculpture-papier-mache\/#website"},"primaryImageOfPage":{"@id":"https:\/\/melaniebourlon.com\/sculpture-papier-mache\/produit\/orange\/#primaryimage"},"image":{"@id":"https:\/\/melaniebourlon.com\/sculpture-papier-mache\/produit\/orange\/#primaryimage"},"thumbnailUrl":"https:\/\/melaniebourlon.com\/sculpture-papier-mache\/wp-content\/uploads\/2021\/10\/DSC_4509.jpg","datePublished":"2021-10-05T08:02:07+00:00","dateModified":"2025-04-01T08:24:00+00:00","description":"Orange g\u00e9ante command\u00e9 par le MUCEM | Cr\u00e9ation de M\u00e9lanie Bourlon, sculptures en Papier M\u00e2ch\u00e9, cabinet de curiosit\u00e9s, animaux en papier, bestiaire","breadcrumb":{"@id":"https:\/\/melaniebourlon.com\/sculpture-papier-mache\/produit\/orange\/#breadcrumb"},"inLanguage":"fr-FR","potentialAction":[{"@type":"ReadAction","target":["https:\/\/melaniebourlon.com\/sculpture-papier-mache\/produit\/orange\/"]}]},{"@type":"ImageObject","inLanguage":"fr-FR","@id":"https:\/\/melaniebourlon.com\/sculpture-papier-mache\/produit\/orange\/#primaryimage","url":"https:\/\/melaniebourlon.com\/sculpture-papier-mache\/wp-content\/uploads\/2021\/10\/DSC_4509.jpg","contentUrl":"https:\/\/melaniebourlon.com\/sculpture-papier-mache\/wp-content\/uploads\/2021\/10\/DSC_4509.jpg","width":437,"height":292,"caption":"Orange - sculpture - papier m\u00e2ch\u00e9 - Melanie Bourlon"},{"@type":"BreadcrumbList","@id":"https:\/\/melaniebourlon.com\/sculpture-papier-mache\/produit\/orange\/#breadcrumb","itemListElement":[{"@type":"ListItem","position":1,"name":"Accueil","item":"https:\/\/melaniebourlon.com\/sculpture-papier-mache\/"},{"@type":"ListItem","position":2,"name":"Boutique","item":"https:\/\/melaniebourlon.com\/sculpture-papier-mache\/boutique\/"},{"@type":"ListItem","position":3,"name":"Orange g\u00e9ante command\u00e9 par le MUCEM"}]},{"@type":"WebSite","@id":"https:\/\/melaniebourlon.com\/sculpture-papier-mache\/#website","url":"https:\/\/melaniebourlon.com\/sculpture-papier-mache\/","name":"M\u00e9lanie Bourlon, Artiste Sculpteur","description":"Sculptures en Papier M\u00e2ch\u00e9 &amp; Stages de modelage","publisher":{"@id":"https:\/\/melaniebourlon.com\/sculpture-papier-mache\/#organization"},"potentialAction":[{"@type":"SearchAction","target":{"@type":"EntryPoint","urlTemplate":"https:\/\/melaniebourlon.com\/sculpture-papier-mache\/?s={search_term_string}"},"query-input":{"@type":"PropertyValueSpecification","valueRequired":true,"valueName":"search_term_string"}}],"inLanguage":"fr-FR"},{"@type":"Organization","@id":"https:\/\/melaniebourlon.com\/sculpture-papier-mache\/#organization","name":"M\u00e9lanie Bourlon Sculpteur","url":"https:\/\/melaniebourlon.com\/sculpture-papier-mache\/","logo":{"@type":"ImageObject","inLanguage":"fr-FR","@id":"https:\/\/melaniebourlon.com\/sculpture-papier-mache\/#\/schema\/logo\/image\/","url":"https:\/\/melaniebourlon.com\/sculpture-papier-mache\/wp-content\/uploads\/2018\/02\/LOGO-MELANIE-RVB.png","contentUrl":"https:\/\/melaniebourlon.com\/sculpture-papier-mache\/wp-content\/uploads\/2018\/02\/LOGO-MELANIE-RVB.png","width":1666,"height":862,"caption":"M\u00e9lanie Bourlon Sculpteur"},"image":{"@id":"https:\/\/melaniebourlon.com\/sculpture-papier-mache\/#\/schema\/logo\/image\/"},"sameAs":["https:\/\/www.facebook.com\/melaniebourlonpapiermache\/","https:\/\/x.com\/melaniebourlon","https:\/\/www.instagram.com\/melaniebourlonsculptures\/","https:\/\/www.pinterest.com\/sculptur\/","https:\/\/www.youtube.com\/channel\/UC1EO1RtCiV85X6u-R5HTQCA"]}]}},"publishpress_future_action":{"enabled":false,"date":"2026-05-10 04:10:27","action":"change-status","newStatus":"draft","terms":[],"taxonomy":"product_cat","extraData":[]},"publishpress_future_workflow_manual_trigger":{"enabledWorkflows":[]},"_links":{"self":[{"href":"https:\/\/melaniebourlon.com\/sculpture-papier-mache\/wp-json\/wp\/v2\/product\/5651","targetHints":{"allow":["GET"]}}],"collection":[{"href":"https:\/\/melaniebourlon.com\/sculpture-papier-mache\/wp-json\/wp\/v2\/product"}],"about":[{"href":"https:\/\/melaniebourlon.com\/sculpture-papier-mache\/wp-json\/wp\/v2\/types\/product"}],"wp:featuredmedia":[{"embeddable":true,"href":"https:\/\/melaniebourlon.com\/sculpture-papier-mache\/wp-json\/wp\/v2\/media\/5652"}],"wp:attachment":[{"href":"https:\/\/melaniebourlon.com\/sculpture-papier-mache\/wp-json\/wp\/v2\/media?parent=5651"}],"wp:term":[{"taxonomy":"product_brand","embeddable":true,"href":"https:\/\/melaniebourlon.com\/sculpture-papier-mache\/wp-json\/wp\/v2\/product_brand?post=5651"},{"taxonomy":"product_cat","embeddable":true,"href":"https:\/\/melaniebourlon.com\/sculpture-papier-mache\/wp-json\/wp\/v2\/product_cat?post=5651"},{"taxonomy":"product_tag","embeddable":true,"href":"https:\/\/melaniebourlon.com\/sculpture-papier-mache\/wp-json\/wp\/v2\/product_tag?post=5651"}],"curies":[{"name":"wp","href":"https:\/\/api.w.org\/{rel}","templated":true}]}}