{"id":2413,"date":"2025-11-24T16:18:58","date_gmt":"2025-11-24T15:18:58","guid":{"rendered":"https:\/\/melaniebourlon.com\/sculpture-papier-mache\/?post_type=product&#038;p=2413"},"modified":"2025-11-28T14:48:03","modified_gmt":"2025-11-28T13:48:03","slug":"badge-mouton-melon","status":"publish","type":"product","link":"https:\/\/melaniebourlon.com\/sculpture-papier-mache\/produit\/badge-mouton-melon\/","title":{"rendered":"Badge Mouton melon"},"content":{"rendered":"","protected":false},"excerpt":{"rendered":"<p>Diam\u00e8tre 5,6 cm<\/p>\n","protected":false},"featured_media":2394,"template":"","meta":{"_et_pb_use_builder":"","_et_pb_old_content":"","_et_gb_content_width":""},"product_brand":[],"product_cat":[24,20],"product_tag":[],"class_list":{"0":"post-2413","1":"product","2":"type-product","3":"status-publish","4":"has-post-thumbnail","6":"product_cat-badges","7":"product_cat-petits-objets","9":"first","10":"instock","11":"shipping-taxable","12":"purchasable","13":"product-type-simple"},"yoast_head":"<!-- This site is optimized with the Yoast SEO plugin v27.3 - https:\/\/yoast.com\/product\/yoast-seo-wordpress\/ -->\n<title>Badge Mouton melon | Sculpture en papier m\u00e2ch\u00e9 | M\u00e9lanie Bourlon<\/title>\n<meta name=\"description\" content=\"Badge Mouton melon | Vente en ligne | Cr\u00e9ation de M\u00e9lanie Bourlon, sculptures en Papier M\u00e2ch\u00e9, cabinet de curiosit\u00e9s, animaux en papier, bestiaire\" \/>\n<meta name=\"robots\" content=\"index, follow, max-snippet:-1, max-image-preview:large, max-video-preview:-1\" \/>\n<link rel=\"canonical\" href=\"https:\/\/melaniebourlon.com\/sculpture-papier-mache\/produit\/badge-mouton-melon\/\" \/>\n<meta property=\"og:locale\" content=\"fr_FR\" \/>\n<meta property=\"og:type\" content=\"article\" \/>\n<meta property=\"og:title\" content=\"Badge Mouton melon | Sculpture en papier m\u00e2ch\u00e9 | M\u00e9lanie Bourlon\" \/>\n<meta property=\"og:description\" content=\"Badge Mouton melon | Vente en ligne | Cr\u00e9ation de M\u00e9lanie Bourlon, sculptures en Papier M\u00e2ch\u00e9, cabinet de curiosit\u00e9s, animaux en papier, bestiaire\" \/>\n<meta property=\"og:url\" content=\"https:\/\/melaniebourlon.com\/sculpture-papier-mache\/produit\/badge-mouton-melon\/\" \/>\n<meta property=\"og:site_name\" content=\"M\u00e9lanie Bourlon, Artiste Sculpteur\" \/>\n<meta property=\"article:publisher\" content=\"https:\/\/www.facebook.com\/melaniebourlonpapiermache\/\" \/>\n<meta property=\"article:modified_time\" content=\"2025-11-28T13:48:03+00:00\" \/>\n<meta property=\"og:image\" content=\"https:\/\/melaniebourlon.com\/sculpture-papier-mache\/wp-content\/uploads\/2019\/03\/mouton-melon.png\" \/>\n\t<meta property=\"og:image:width\" content=\"362\" \/>\n\t<meta property=\"og:image:height\" content=\"351\" \/>\n\t<meta property=\"og:image:type\" content=\"image\/png\" \/>\n<meta name=\"twitter:card\" content=\"summary_large_image\" \/>\n<meta name=\"twitter:site\" content=\"@melaniebourlon\" \/>\n<meta name=\"twitter:label1\" content=\"Dur\u00e9e de lecture estim\u00e9e\" \/>\n\t<meta name=\"twitter:data1\" content=\"1 minute\" \/>\n<script type=\"application\/ld+json\" class=\"yoast-schema-graph\">{\"@context\":\"https:\\\/\\\/schema.org\",\"@graph\":[{\"@type\":\"WebPage\",\"@id\":\"https:\\\/\\\/melaniebourlon.com\\\/sculpture-papier-mache\\\/produit\\\/badge-mouton-melon\\\/\",\"url\":\"https:\\\/\\\/melaniebourlon.com\\\/sculpture-papier-mache\\\/produit\\\/badge-mouton-melon\\\/\",\"name\":\"Badge Mouton melon | Sculpture en papier m\u00e2ch\u00e9 | M\u00e9lanie Bourlon\",\"isPartOf\":{\"@id\":\"https:\\\/\\\/melaniebourlon.com\\\/sculpture-papier-mache\\\/#website\"},\"primaryImageOfPage\":{\"@id\":\"https:\\\/\\\/melaniebourlon.com\\\/sculpture-papier-mache\\\/produit\\\/badge-mouton-melon\\\/#primaryimage\"},\"image\":{\"@id\":\"https:\\\/\\\/melaniebourlon.com\\\/sculpture-papier-mache\\\/produit\\\/badge-mouton-melon\\\/#primaryimage\"},\"thumbnailUrl\":\"https:\\\/\\\/melaniebourlon.com\\\/sculpture-papier-mache\\\/wp-content\\\/uploads\\\/2019\\\/03\\\/mouton-melon.png\",\"datePublished\":\"2025-11-24T15:18:58+00:00\",\"dateModified\":\"2025-11-28T13:48:03+00:00\",\"description\":\"Badge Mouton melon | Vente en ligne | Cr\u00e9ation de M\u00e9lanie Bourlon, sculptures en Papier M\u00e2ch\u00e9, cabinet de curiosit\u00e9s, animaux en papier, bestiaire\",\"breadcrumb\":{\"@id\":\"https:\\\/\\\/melaniebourlon.com\\\/sculpture-papier-mache\\\/produit\\\/badge-mouton-melon\\\/#breadcrumb\"},\"inLanguage\":\"fr-FR\",\"potentialAction\":[{\"@type\":\"ReadAction\",\"target\":[\"https:\\\/\\\/melaniebourlon.com\\\/sculpture-papier-mache\\\/produit\\\/badge-mouton-melon\\\/\"]}]},{\"@type\":\"ImageObject\",\"inLanguage\":\"fr-FR\",\"@id\":\"https:\\\/\\\/melaniebourlon.com\\\/sculpture-papier-mache\\\/produit\\\/badge-mouton-melon\\\/#primaryimage\",\"url\":\"https:\\\/\\\/melaniebourlon.com\\\/sculpture-papier-mache\\\/wp-content\\\/uploads\\\/2019\\\/03\\\/mouton-melon.png\",\"contentUrl\":\"https:\\\/\\\/melaniebourlon.com\\\/sculpture-papier-mache\\\/wp-content\\\/uploads\\\/2019\\\/03\\\/mouton-melon.png\",\"width\":362,\"height\":351,\"caption\":\"Badge mouton\"},{\"@type\":\"BreadcrumbList\",\"@id\":\"https:\\\/\\\/melaniebourlon.com\\\/sculpture-papier-mache\\\/produit\\\/badge-mouton-melon\\\/#breadcrumb\",\"itemListElement\":[{\"@type\":\"ListItem\",\"position\":1,\"name\":\"Accueil\",\"item\":\"https:\\\/\\\/melaniebourlon.com\\\/sculpture-papier-mache\\\/\"},{\"@type\":\"ListItem\",\"position\":2,\"name\":\"Boutique\",\"item\":\"https:\\\/\\\/melaniebourlon.com\\\/sculpture-papier-mache\\\/boutique\\\/\"},{\"@type\":\"ListItem\",\"position\":3,\"name\":\"Badge Mouton melon\"}]},{\"@type\":\"WebSite\",\"@id\":\"https:\\\/\\\/melaniebourlon.com\\\/sculpture-papier-mache\\\/#website\",\"url\":\"https:\\\/\\\/melaniebourlon.com\\\/sculpture-papier-mache\\\/\",\"name\":\"M\u00e9lanie Bourlon, Artiste Sculpteur\",\"description\":\"Sculptures en Papier M\u00e2ch\u00e9 &amp; Stages de modelage\",\"publisher\":{\"@id\":\"https:\\\/\\\/melaniebourlon.com\\\/sculpture-papier-mache\\\/#organization\"},\"potentialAction\":[{\"@type\":\"SearchAction\",\"target\":{\"@type\":\"EntryPoint\",\"urlTemplate\":\"https:\\\/\\\/melaniebourlon.com\\\/sculpture-papier-mache\\\/?s={search_term_string}\"},\"query-input\":{\"@type\":\"PropertyValueSpecification\",\"valueRequired\":true,\"valueName\":\"search_term_string\"}}],\"inLanguage\":\"fr-FR\"},{\"@type\":\"Organization\",\"@id\":\"https:\\\/\\\/melaniebourlon.com\\\/sculpture-papier-mache\\\/#organization\",\"name\":\"M\u00e9lanie Bourlon Sculpteur\",\"url\":\"https:\\\/\\\/melaniebourlon.com\\\/sculpture-papier-mache\\\/\",\"logo\":{\"@type\":\"ImageObject\",\"inLanguage\":\"fr-FR\",\"@id\":\"https:\\\/\\\/melaniebourlon.com\\\/sculpture-papier-mache\\\/#\\\/schema\\\/logo\\\/image\\\/\",\"url\":\"https:\\\/\\\/melaniebourlon.com\\\/sculpture-papier-mache\\\/wp-content\\\/uploads\\\/2018\\\/02\\\/LOGO-MELANIE-RVB.png\",\"contentUrl\":\"https:\\\/\\\/melaniebourlon.com\\\/sculpture-papier-mache\\\/wp-content\\\/uploads\\\/2018\\\/02\\\/LOGO-MELANIE-RVB.png\",\"width\":1666,\"height\":862,\"caption\":\"M\u00e9lanie Bourlon Sculpteur\"},\"image\":{\"@id\":\"https:\\\/\\\/melaniebourlon.com\\\/sculpture-papier-mache\\\/#\\\/schema\\\/logo\\\/image\\\/\"},\"sameAs\":[\"https:\\\/\\\/www.facebook.com\\\/melaniebourlonpapiermache\\\/\",\"https:\\\/\\\/x.com\\\/melaniebourlon\",\"https:\\\/\\\/www.instagram.com\\\/melaniebourlonsculptures\\\/\",\"https:\\\/\\\/www.pinterest.com\\\/sculptur\\\/\",\"https:\\\/\\\/www.youtube.com\\\/channel\\\/UC1EO1RtCiV85X6u-R5HTQCA\"]}]}<\/script>\n<!-- \/ Yoast SEO plugin. -->","yoast_head_json":{"title":"Badge Mouton melon | Sculpture en papier m\u00e2ch\u00e9 | M\u00e9lanie Bourlon","description":"Badge Mouton melon | Vente en ligne | Cr\u00e9ation de M\u00e9lanie Bourlon, sculptures en Papier M\u00e2ch\u00e9, cabinet de curiosit\u00e9s, animaux en papier, bestiaire","robots":{"index":"index","follow":"follow","max-snippet":"max-snippet:-1","max-image-preview":"max-image-preview:large","max-video-preview":"max-video-preview:-1"},"canonical":"https:\/\/melaniebourlon.com\/sculpture-papier-mache\/produit\/badge-mouton-melon\/","og_locale":"fr_FR","og_type":"article","og_title":"Badge Mouton melon | Sculpture en papier m\u00e2ch\u00e9 | M\u00e9lanie Bourlon","og_description":"Badge Mouton melon | Vente en ligne | Cr\u00e9ation de M\u00e9lanie Bourlon, sculptures en Papier M\u00e2ch\u00e9, cabinet de curiosit\u00e9s, animaux en papier, bestiaire","og_url":"https:\/\/melaniebourlon.com\/sculpture-papier-mache\/produit\/badge-mouton-melon\/","og_site_name":"M\u00e9lanie Bourlon, Artiste Sculpteur","article_publisher":"https:\/\/www.facebook.com\/melaniebourlonpapiermache\/","article_modified_time":"2025-11-28T13:48:03+00:00","og_image":[{"width":362,"height":351,"url":"https:\/\/melaniebourlon.com\/sculpture-papier-mache\/wp-content\/uploads\/2019\/03\/mouton-melon.png","type":"image\/png"}],"twitter_card":"summary_large_image","twitter_site":"@melaniebourlon","twitter_misc":{"Dur\u00e9e de lecture estim\u00e9e":"1 minute"},"schema":{"@context":"https:\/\/schema.org","@graph":[{"@type":"WebPage","@id":"https:\/\/melaniebourlon.com\/sculpture-papier-mache\/produit\/badge-mouton-melon\/","url":"https:\/\/melaniebourlon.com\/sculpture-papier-mache\/produit\/badge-mouton-melon\/","name":"Badge Mouton melon | Sculpture en papier m\u00e2ch\u00e9 | M\u00e9lanie Bourlon","isPartOf":{"@id":"https:\/\/melaniebourlon.com\/sculpture-papier-mache\/#website"},"primaryImageOfPage":{"@id":"https:\/\/melaniebourlon.com\/sculpture-papier-mache\/produit\/badge-mouton-melon\/#primaryimage"},"image":{"@id":"https:\/\/melaniebourlon.com\/sculpture-papier-mache\/produit\/badge-mouton-melon\/#primaryimage"},"thumbnailUrl":"https:\/\/melaniebourlon.com\/sculpture-papier-mache\/wp-content\/uploads\/2019\/03\/mouton-melon.png","datePublished":"2025-11-24T15:18:58+00:00","dateModified":"2025-11-28T13:48:03+00:00","description":"Badge Mouton melon | Vente en ligne | Cr\u00e9ation de M\u00e9lanie Bourlon, sculptures en Papier M\u00e2ch\u00e9, cabinet de curiosit\u00e9s, animaux en papier, bestiaire","breadcrumb":{"@id":"https:\/\/melaniebourlon.com\/sculpture-papier-mache\/produit\/badge-mouton-melon\/#breadcrumb"},"inLanguage":"fr-FR","potentialAction":[{"@type":"ReadAction","target":["https:\/\/melaniebourlon.com\/sculpture-papier-mache\/produit\/badge-mouton-melon\/"]}]},{"@type":"ImageObject","inLanguage":"fr-FR","@id":"https:\/\/melaniebourlon.com\/sculpture-papier-mache\/produit\/badge-mouton-melon\/#primaryimage","url":"https:\/\/melaniebourlon.com\/sculpture-papier-mache\/wp-content\/uploads\/2019\/03\/mouton-melon.png","contentUrl":"https:\/\/melaniebourlon.com\/sculpture-papier-mache\/wp-content\/uploads\/2019\/03\/mouton-melon.png","width":362,"height":351,"caption":"Badge mouton"},{"@type":"BreadcrumbList","@id":"https:\/\/melaniebourlon.com\/sculpture-papier-mache\/produit\/badge-mouton-melon\/#breadcrumb","itemListElement":[{"@type":"ListItem","position":1,"name":"Accueil","item":"https:\/\/melaniebourlon.com\/sculpture-papier-mache\/"},{"@type":"ListItem","position":2,"name":"Boutique","item":"https:\/\/melaniebourlon.com\/sculpture-papier-mache\/boutique\/"},{"@type":"ListItem","position":3,"name":"Badge Mouton melon"}]},{"@type":"WebSite","@id":"https:\/\/melaniebourlon.com\/sculpture-papier-mache\/#website","url":"https:\/\/melaniebourlon.com\/sculpture-papier-mache\/","name":"M\u00e9lanie Bourlon, Artiste Sculpteur","description":"Sculptures en Papier M\u00e2ch\u00e9 &amp; Stages de modelage","publisher":{"@id":"https:\/\/melaniebourlon.com\/sculpture-papier-mache\/#organization"},"potentialAction":[{"@type":"SearchAction","target":{"@type":"EntryPoint","urlTemplate":"https:\/\/melaniebourlon.com\/sculpture-papier-mache\/?s={search_term_string}"},"query-input":{"@type":"PropertyValueSpecification","valueRequired":true,"valueName":"search_term_string"}}],"inLanguage":"fr-FR"},{"@type":"Organization","@id":"https:\/\/melaniebourlon.com\/sculpture-papier-mache\/#organization","name":"M\u00e9lanie Bourlon Sculpteur","url":"https:\/\/melaniebourlon.com\/sculpture-papier-mache\/","logo":{"@type":"ImageObject","inLanguage":"fr-FR","@id":"https:\/\/melaniebourlon.com\/sculpture-papier-mache\/#\/schema\/logo\/image\/","url":"https:\/\/melaniebourlon.com\/sculpture-papier-mache\/wp-content\/uploads\/2018\/02\/LOGO-MELANIE-RVB.png","contentUrl":"https:\/\/melaniebourlon.com\/sculpture-papier-mache\/wp-content\/uploads\/2018\/02\/LOGO-MELANIE-RVB.png","width":1666,"height":862,"caption":"M\u00e9lanie Bourlon Sculpteur"},"image":{"@id":"https:\/\/melaniebourlon.com\/sculpture-papier-mache\/#\/schema\/logo\/image\/"},"sameAs":["https:\/\/www.facebook.com\/melaniebourlonpapiermache\/","https:\/\/x.com\/melaniebourlon","https:\/\/www.instagram.com\/melaniebourlonsculptures\/","https:\/\/www.pinterest.com\/sculptur\/","https:\/\/www.youtube.com\/channel\/UC1EO1RtCiV85X6u-R5HTQCA"]}]}},"publishpress_future_action":{"enabled":false,"date":"2026-04-21 10:12:49","action":"change-status","newStatus":"draft","terms":[],"taxonomy":"product_cat","extraData":[]},"publishpress_future_workflow_manual_trigger":{"enabledWorkflows":[]},"_links":{"self":[{"href":"https:\/\/melaniebourlon.com\/sculpture-papier-mache\/wp-json\/wp\/v2\/product\/2413","targetHints":{"allow":["GET"]}}],"collection":[{"href":"https:\/\/melaniebourlon.com\/sculpture-papier-mache\/wp-json\/wp\/v2\/product"}],"about":[{"href":"https:\/\/melaniebourlon.com\/sculpture-papier-mache\/wp-json\/wp\/v2\/types\/product"}],"wp:featuredmedia":[{"embeddable":true,"href":"https:\/\/melaniebourlon.com\/sculpture-papier-mache\/wp-json\/wp\/v2\/media\/2394"}],"wp:attachment":[{"href":"https:\/\/melaniebourlon.com\/sculpture-papier-mache\/wp-json\/wp\/v2\/media?parent=2413"}],"wp:term":[{"taxonomy":"product_brand","embeddable":true,"href":"https:\/\/melaniebourlon.com\/sculpture-papier-mache\/wp-json\/wp\/v2\/product_brand?post=2413"},{"taxonomy":"product_cat","embeddable":true,"href":"https:\/\/melaniebourlon.com\/sculpture-papier-mache\/wp-json\/wp\/v2\/product_cat?post=2413"},{"taxonomy":"product_tag","embeddable":true,"href":"https:\/\/melaniebourlon.com\/sculpture-papier-mache\/wp-json\/wp\/v2\/product_tag?post=2413"}],"curies":[{"name":"wp","href":"https:\/\/api.w.org\/{rel}","templated":true}]}}