{"id":670,"date":"2018-08-31T14:39:43","date_gmt":"2018-08-31T12:39:43","guid":{"rendered":"http:\/\/melaniebourlon.com\/sculpture-papier-mache\/?page_id=670"},"modified":"2025-10-20T18:25:31","modified_gmt":"2025-10-20T16:25:31","slug":"liens","status":"publish","type":"page","link":"https:\/\/melaniebourlon.com\/sculpture-papier-mache\/liens\/","title":{"rendered":"Liens"},"content":{"rendered":"<p>[et_pb_section fb_built=\u00a0\u00bb1&Prime; fullwidth=\u00a0\u00bbon\u00a0\u00bb disabled_on=\u00a0\u00bbon|on|off\u00a0\u00bb admin_label=\u00a0\u00bbSection Haut Entete Menu Site\u00a0\u00bb _builder_version=\u00a0\u00bb4.25.0&Prime; background_image=\u00a0\u00bbhttps:\/\/melaniebourlon.com\/sculpture-papier-mache\/wp-content\/uploads\/2024\/07\/Bandeau-haut-menu-page.jpg\u00a0\u00bb background_position=\u00a0\u00bbtop_center\u00a0\u00bb custom_margin=\u00a0\u00bb0px||0px|\u00a0\u00bb custom_padding=\u00a0\u00bb0px||0|\u00a0\u00bb hover_enabled=\u00a0\u00bb0&Prime; box_shadow_style=\u00a0\u00bbpreset3&Prime; box_shadow_color=\u00a0\u00bbrgba(0,0,0,0.03)\u00a0\u00bb locked=\u00a0\u00bboff\u00a0\u00bb global_colors_info=\u00a0\u00bb{}\u00a0\u00bb sticky_enabled=\u00a0\u00bb0&Prime;][et_pb_fullwidth_menu submenu_direction=\u00a0\u00bbdownwards\u00a0\u00bb fullwidth_menu=\u00a0\u00bbon\u00a0\u00bb active_link_color=\u00a0\u00bb#cc5d44&Prime; dropdown_menu_bg_color=\u00a0\u00bbrgba(236,219,209,0.88)\u00a0\u00bb dropdown_menu_line_color=\u00a0\u00bb#cc5d44&Prime; dropdown_menu_text_color=\u00a0\u00bb#242320&Prime; mobile_menu_bg_color=\u00a0\u00bbrgba(236,219,209,0.88)\u00a0\u00bb mobile_menu_text_color=\u00a0\u00bb#242320&Prime; _builder_version=\u00a0\u00bb4.25.0&Prime; menu_font=\u00a0\u00bbOld Standard TT|700|||||||\u00a0\u00bb menu_text_color=\u00a0\u00bb#242320&Prime; menu_font_size=\u00a0\u00bb20px\u00a0\u00bb background_color=\u00a0\u00bbrgba(255,255,255,0)\u00a0\u00bb background_position=\u00a0\u00bbtop_center\u00a0\u00bb text_orientation=\u00a0\u00bbcenter\u00a0\u00bb custom_margin=\u00a0\u00bb0px||0px|\u00a0\u00bb custom_padding=\u00a0\u00bb103px|0px|3px|0px|false|false\u00a0\u00bb border_color_all=\u00a0\u00bb#cc5d44&Prime; box_shadow_style=\u00a0\u00bbpreset3&Prime; box_shadow_vertical=\u00a0\u00bb-3px\u00a0\u00bb box_shadow_blur=\u00a0\u00bb35px\u00a0\u00bb box_shadow_spread=\u00a0\u00bb-8px\u00a0\u00bb box_shadow_color=\u00a0\u00bbrgba(204,93,68,0.53)\u00a0\u00bb global_colors_info=\u00a0\u00bb{}\u00a0\u00bb]&nbsp;<br \/>\n[\/et_pb_fullwidth_menu][\/et_pb_section][et_pb_section fb_built=\u00a0\u00bb1&Prime; _builder_version=\u00a0\u00bb4.16&Prime; background_color=\u00a0\u00bb#ffffff\u00a0\u00bb background_image=\u00a0\u00bbhttps:\/\/melaniebourlon.com\/sculpture-papier-mache\/wp-content\/uploads\/2018\/04\/fond-papier.jpg\u00a0\u00bb background_size=\u00a0\u00bbcontain\u00a0\u00bb background_position=\u00a0\u00bbcenter_left\u00a0\u00bb background_repeat=\u00a0\u00bbrepeat\u00a0\u00bb custom_padding=\u00a0\u00bb0|0px|0|0px\u00a0\u00bb border_color_bottom=\u00a0\u00bb#242320&Prime; global_colors_info=\u00a0\u00bb{}\u00a0\u00bb][et_pb_row column_structure=\u00a0\u00bb1_4,3_4&Prime; module_class=\u00a0\u00bb et_pb_row_fullwidth\u00a0\u00bb _builder_version=\u00a0\u00bb4.16&Prime; width=\u00a0\u00bb94%\u00a0\u00bb width_tablet=\u00a0\u00bb80%\u00a0\u00bb width_phone=\u00a0\u00bb\u00a0\u00bb width_last_edited=\u00a0\u00bbon|desktop\u00a0\u00bb max_width=\u00a0\u00bb94%\u00a0\u00bb max_width_tablet=\u00a0\u00bb80%\u00a0\u00bb max_width_phone=\u00a0\u00bb\u00a0\u00bb max_width_last_edited=\u00a0\u00bbon|desktop\u00a0\u00bb custom_padding=\u00a0\u00bb30px|0px|16px|0px\u00a0\u00bb make_fullwidth=\u00a0\u00bbon\u00a0\u00bb global_colors_info=\u00a0\u00bb{}\u00a0\u00bb][et_pb_column type=\u00a0\u00bb1_4&Prime; _builder_version=\u00a0\u00bb4.16&Prime; custom_padding=\u00a0\u00bb|||\u00a0\u00bb global_colors_info=\u00a0\u00bb{}\u00a0\u00bb custom_padding__hover=\u00a0\u00bb|||\u00a0\u00bb][et_pb_image src=\u00a0\u00bbhttp:\/\/melaniebourlon.com\/sculpture-papier-mache\/wp-content\/uploads\/2018\/08\/liens-1.jpg\u00a0\u00bb alt=\u00a0\u00bbM\u00e9lanie Bourlon &#8211; liens\u00a0\u00bb show_in_lightbox=\u00a0\u00bbon\u00a0\u00bb align_tablet=\u00a0\u00bbcenter\u00a0\u00bb align_phone=\u00a0\u00bb\u00a0\u00bb align_last_edited=\u00a0\u00bbon|desktop\u00a0\u00bb _builder_version=\u00a0\u00bb4.16&Prime; global_colors_info=\u00a0\u00bb{}\u00a0\u00bb]&nbsp;<br \/>\n[\/et_pb_image][\/et_pb_column][et_pb_column type=\u00a0\u00bb3_4&Prime; _builder_version=\u00a0\u00bb4.16&Prime; custom_padding=\u00a0\u00bb|||\u00a0\u00bb global_colors_info=\u00a0\u00bb{}\u00a0\u00bb custom_padding__hover=\u00a0\u00bb|||\u00a0\u00bb][et_pb_text _builder_version=\u00a0\u00bb4.16&Prime; text_font=\u00a0\u00bbOld Standard TT|700|||||||\u00a0\u00bb text_text_color=\u00a0\u00bb#433f37&Prime; text_font_size=\u00a0\u00bb21px\u00a0\u00bb custom_margin=\u00a0\u00bb||5px|\u00a0\u00bb global_colors_info=\u00a0\u00bb{}\u00a0\u00bb]<\/p>\n<p>~ Liens<\/p>\n<p>[\/et_pb_text][et_pb_text _builder_version=\u00a0\u00bb4.27.4&Prime; text_font=\u00a0\u00bb||||||||\u00a0\u00bb background_color=\u00a0\u00bbrgba(167,143,130,0)\u00a0\u00bb custom_padding=\u00a0\u00bb10px|20px|10px|20px\u00a0\u00bb custom_padding_tablet=\u00a0\u00bb|10px||10px\u00a0\u00bb custom_padding_phone=\u00a0\u00bb\u00a0\u00bb custom_padding_last_edited=\u00a0\u00bbon|tablet\u00a0\u00bb global_colors_info=\u00a0\u00bb{}\u00a0\u00bb]<\/p>\n<ul>\n<li>Anthony Cottarel &#8211; Photographe &#8211;\u00a0\u00a0<a class=\"lk1\" href=\"http:\/\/www.anthonycottarel.com\/\" target=\"_blank\" rel=\"noopener noreferrer\">www.anthonycottarel.com<\/a><\/li>\n<\/ul>\n<h4>\u00a0<span style=\"color: #242320;\"><strong>Coups de c\u0153ur\u00a0<\/strong>:<\/span><\/h4>\n<ul>\n<li><a class=\"lk1\" title=\"R\u00eave de broc\" href=\"https:\/\/revedebroc.com\/\" target=\"_blank\" rel=\"noopener noreferrer\">R\u00eave de broc<\/a><\/li>\n<li>Le Domaine du Manoir &#8211; Chambres d&rsquo;h\u00f4tes aux Aveni\u00e8res &#8211;\u00a0<a class=\"lk1\" style=\"font-size: 18px;\" href=\"http:\/\/www.domainedumanoir.com\/\" target=\"_blank\" rel=\"noopener noreferrer\">www.domainedumanoir.com<\/a><\/li>\n<li><a class=\"lk1\" style=\"font-size: 18px;\" href=\"http:\/\/couleurs-et-nuances.blogspot.com\/2010\/12\/portrait-de-creatrice-melanie-bourlon.html\" target=\"_blank\" rel=\"noopener noreferrer\">Blog Couleur et Nuance &#8211; Portrait de M\u00e9lanie<\/a><\/li>\n<li><a href=\"http:\/\/www.maevapoornima.com\/ \" target=\"_blank\" rel=\"noopener noreferrer\">www.maevapoornima.com<\/a><\/li>\n<li>\n<p align=\"left\"><a href=\"http:\/\/couleurs-et-nuances.blogspot.com\/2010\/12\/portrait-de-creatrice-melanie-bourlon.html\" target=\"_blank\" rel=\"noopener noreferrer\"><span color=\"#000080\"><span lang=\"zxx\"><span color=\"#cc5d44\"><span face=\"Old Standard TT, Georgia\"><span size=\"2\">Blog Couleur et Nuance<\/span><\/span><\/span><\/span><\/span><\/a> &#8211; Portrait de M\u00e9lanie<\/p>\n<\/li>\n<li>\n<p align=\"left\">La corde \u00e0 linge 42300 Roanne &#8211; <a href=\"http:\/\/lacordealinge-roanne.com\/\" target=\"_blank\" rel=\"noopener noreferrer\">lacordealinge-roanne.com<\/a><\/p>\n<\/li>\n<li>Le Moulin du Got &#8211; <a href=\"https:\/\/www.moulindugot.com\/\" target=\"_blank\" rel=\"noopener noreferrer\">www.moulindugot.com\u00a0<\/a><\/li>\n<li>La Haute Forge (Chambre d&rsquo;h\u00f4tes) &#8211; <a href=\"https:\/\/lahauteforge.fr\/fr\/ \" target=\"_blank\" rel=\"noopener noreferrer\">lahauteforge.fr<\/a><\/li>\n<li>La R\u00e9cup&rsquo;rit &#8211;\u00a0<a href=\"https:\/\/larecuprit.blog4ever.com\/ \" target=\"_blank\" rel=\"noopener noreferrer\">larecuprit.blog4ever.com<\/a><\/li>\n<li>La Galerie de la Marraine &#8211; <a href=\"https:\/\/galeriemarraine.wixsite.com\/fragmentsdefragonard \" target=\"_blank\" rel=\"noopener noreferrer\">galeriemarraine.wixsite.com\/fragmentsdefragonard<\/a><\/li>\n<li>L&rsquo;Atelier du Tamlin &#8211; <a href=\"https:\/\/www.atelier-du-tamlin.fr\/\" target=\"_blank\" rel=\"noopener\">www.atelier-du-tamlin.fr<\/a><\/li>\n<li><a href=\"https:\/\/www.facebook.com\/profile.php?id=100009289434022\" target=\"_blank\" rel=\"noopener\">Association Village Litt\u00e9rature \u00e0 Brangues\u00a0<\/a><\/li>\n<\/ul>\n<h4><span style=\"color: #242320;\"><strong>Partenaires <\/strong>:<\/span><\/h4>\n<ul>\n<li>Balcons du Dauphin\u00e9 &#8211; <a href=\"https:\/\/www.balconsdudauphine-tourisme.com\" target=\"_blank\" rel=\"noopener\">www.balconsdudauphine-tourisme.com<\/a><br \/><a href=\"https:\/\/melaniebourlon.com\/sculpture-papier-mache\/wp-content\/uploads\/2025\/02\/Logo-BAlcon-du-Dauphine.png\"><img loading=\"lazy\" decoding=\"async\" src=\"https:\/\/melaniebourlon.com\/sculpture-papier-mache\/wp-content\/uploads\/2025\/02\/Logo-BAlcon-du-Dauphine.png\" width=\"99\" height=\"69\" alt=\"\" class=\"wp-image-8705 alignnone size-full\" srcset=\"https:\/\/melaniebourlon.com\/sculpture-papier-mache\/wp-content\/uploads\/2025\/02\/Logo-BAlcon-du-Dauphine.png 281w, https:\/\/melaniebourlon.com\/sculpture-papier-mache\/wp-content\/uploads\/2025\/02\/Logo-BAlcon-du-Dauphine-250x173.png 250w\" sizes=\"(max-width: 99px) 100vw, 99px\" \/><\/a><\/li>\n<\/ul>\n<h4><span style=\"color: #242320;\"><strong>O\u00f9 trouver mes sculptures ?<\/strong><\/span><\/h4>\n<p>Dans mon\u00a0<strong>atelier\/galerie<\/strong>, 17 Grande Rue de Ciers 38630 Les Aveni\u00e8res &#8211; 04.74.27.94.06<\/p>\n<p><strong>Horaires d&rsquo;ouverture :<\/strong><\/p>\n<ul>\n<li><strong>Lundi :<\/strong> ferm\u00e9<\/li>\n<li><strong>Mardi :<\/strong> 10h \u00e0 12h et 16h \u00e0 19h<\/li>\n<li><strong>Mercredi :<\/strong> 10h \u00e0 12h et 16h \u00e0 19h<\/li>\n<li><strong>Jeudi :<\/strong> ferm\u00e9<\/li>\n<li><strong>Vendredi :<\/strong> 10h \u00e0 12h et 16h \u00e0 19h<\/li>\n<li><strong>Samedi :<\/strong> 10h \u00e0 12h et 16h \u00e0 18h<\/li>\n<li><strong>Dimanche :<\/strong> ferm\u00e9<\/li>\n<\/ul>\n<p><em>et sur rendez-vous<\/em><\/p>\n<p>[\/et_pb_text][\/et_pb_column][\/et_pb_row][\/et_pb_section]<\/p>\n","protected":false},"excerpt":{"rendered":"<p>&nbsp; &nbsp; ~ Liens Anthony Cottarel &#8211; Photographe &#8211;\u00a0\u00a0www.anthonycottarel.com \u00a0Coups de c\u0153ur\u00a0: R\u00eave de broc Le Domaine du Manoir &#8211; Chambres d&rsquo;h\u00f4tes aux Aveni\u00e8res &#8211;\u00a0www.domainedumanoir.com Blog Couleur et Nuance &#8211; Portrait de M\u00e9lanie www.maevapoornima.com Blog Couleur et Nuance &#8211; Portrait de M\u00e9lanie La corde \u00e0 linge 42300 Roanne &#8211; lacordealinge-roanne.com Le Moulin du Got &#8211; [&hellip;]<\/p>\n","protected":false},"author":1,"featured_media":0,"parent":0,"menu_order":0,"comment_status":"closed","ping_status":"closed","template":"","meta":{"_et_pb_use_builder":"on","_et_pb_old_content":"","_et_gb_content_width":"","footnotes":""},"class_list":["post-670","page","type-page","status-publish","hentry"],"yoast_head":"<!-- This site is optimized with the Yoast SEO plugin v27.5 - https:\/\/yoast.com\/product\/yoast-seo-wordpress\/ -->\n<title>Liens | M\u00e9lanie Bourlon, Artiste Sculpteur | Papier M\u00e2ch\u00e9 &amp; Cabinet de curiosit\u00e9s<\/title>\n<meta name=\"description\" content=\"Liens - M\u00e9lanie Bourlon, artiste sculpteur. Sculptures en Papier M\u00e2ch\u00e9, stages de modelage. Cabinet de curiosit\u00e9s et Objets de hasard - 38 Les Aveni\u00e8res\" \/>\n<meta name=\"robots\" content=\"index, follow, max-snippet:-1, max-image-preview:large, max-video-preview:-1\" \/>\n<link rel=\"canonical\" href=\"https:\/\/melaniebourlon.com\/sculpture-papier-mache\/liens\/\" \/>\n<meta property=\"og:locale\" content=\"fr_FR\" \/>\n<meta property=\"og:type\" content=\"article\" \/>\n<meta property=\"og:title\" content=\"Liens | M\u00e9lanie Bourlon, Artiste Sculpteur | Papier M\u00e2ch\u00e9 &amp; Cabinet de curiosit\u00e9s\" \/>\n<meta property=\"og:description\" content=\"Liens - M\u00e9lanie Bourlon, artiste sculpteur. Sculptures en Papier M\u00e2ch\u00e9, stages de modelage. Cabinet de curiosit\u00e9s et Objets de hasard - 38 Les Aveni\u00e8res\" \/>\n<meta property=\"og:url\" content=\"https:\/\/melaniebourlon.com\/sculpture-papier-mache\/liens\/\" \/>\n<meta property=\"og:site_name\" content=\"M\u00e9lanie Bourlon, Artiste Sculpteur\" \/>\n<meta property=\"article:publisher\" content=\"https:\/\/www.facebook.com\/melaniebourlonpapiermache\/\" \/>\n<meta property=\"article:modified_time\" content=\"2025-10-20T16:25:31+00:00\" \/>\n<meta property=\"og:image\" content=\"https:\/\/melaniebourlon.com\/sculpture-papier-mache\/wp-content\/uploads\/2025\/02\/Logo-BAlcon-du-Dauphine.png\" \/>\n<meta name=\"twitter:card\" content=\"summary_large_image\" \/>\n<meta name=\"twitter:site\" content=\"@melaniebourlon\" \/>\n<meta name=\"twitter:label1\" content=\"Dur\u00e9e de lecture estim\u00e9e\" \/>\n\t<meta name=\"twitter:data1\" content=\"3 minutes\" \/>\n<script type=\"application\/ld+json\" class=\"yoast-schema-graph\">{\"@context\":\"https:\\\/\\\/schema.org\",\"@graph\":[{\"@type\":\"WebPage\",\"@id\":\"https:\\\/\\\/melaniebourlon.com\\\/sculpture-papier-mache\\\/liens\\\/\",\"url\":\"https:\\\/\\\/melaniebourlon.com\\\/sculpture-papier-mache\\\/liens\\\/\",\"name\":\"Liens | M\u00e9lanie Bourlon, Artiste Sculpteur | Papier M\u00e2ch\u00e9 & Cabinet de curiosit\u00e9s\",\"isPartOf\":{\"@id\":\"https:\\\/\\\/melaniebourlon.com\\\/sculpture-papier-mache\\\/#website\"},\"primaryImageOfPage\":{\"@id\":\"https:\\\/\\\/melaniebourlon.com\\\/sculpture-papier-mache\\\/liens\\\/#primaryimage\"},\"image\":{\"@id\":\"https:\\\/\\\/melaniebourlon.com\\\/sculpture-papier-mache\\\/liens\\\/#primaryimage\"},\"thumbnailUrl\":\"https:\\\/\\\/melaniebourlon.com\\\/sculpture-papier-mache\\\/wp-content\\\/uploads\\\/2025\\\/02\\\/Logo-BAlcon-du-Dauphine.png\",\"datePublished\":\"2018-08-31T12:39:43+00:00\",\"dateModified\":\"2025-10-20T16:25:31+00:00\",\"description\":\"Liens - M\u00e9lanie Bourlon, artiste sculpteur. Sculptures en Papier M\u00e2ch\u00e9, stages de modelage. Cabinet de curiosit\u00e9s et Objets de hasard - 38 Les Aveni\u00e8res\",\"breadcrumb\":{\"@id\":\"https:\\\/\\\/melaniebourlon.com\\\/sculpture-papier-mache\\\/liens\\\/#breadcrumb\"},\"inLanguage\":\"fr-FR\",\"potentialAction\":[{\"@type\":\"ReadAction\",\"target\":[\"https:\\\/\\\/melaniebourlon.com\\\/sculpture-papier-mache\\\/liens\\\/\"]}]},{\"@type\":\"ImageObject\",\"inLanguage\":\"fr-FR\",\"@id\":\"https:\\\/\\\/melaniebourlon.com\\\/sculpture-papier-mache\\\/liens\\\/#primaryimage\",\"url\":\"https:\\\/\\\/melaniebourlon.com\\\/sculpture-papier-mache\\\/wp-content\\\/uploads\\\/2025\\\/02\\\/Logo-BAlcon-du-Dauphine.png\",\"contentUrl\":\"https:\\\/\\\/melaniebourlon.com\\\/sculpture-papier-mache\\\/wp-content\\\/uploads\\\/2025\\\/02\\\/Logo-BAlcon-du-Dauphine.png\"},{\"@type\":\"BreadcrumbList\",\"@id\":\"https:\\\/\\\/melaniebourlon.com\\\/sculpture-papier-mache\\\/liens\\\/#breadcrumb\",\"itemListElement\":[{\"@type\":\"ListItem\",\"position\":1,\"name\":\"Accueil\",\"item\":\"https:\\\/\\\/melaniebourlon.com\\\/sculpture-papier-mache\\\/\"},{\"@type\":\"ListItem\",\"position\":2,\"name\":\"Liens\"}]},{\"@type\":\"WebSite\",\"@id\":\"https:\\\/\\\/melaniebourlon.com\\\/sculpture-papier-mache\\\/#website\",\"url\":\"https:\\\/\\\/melaniebourlon.com\\\/sculpture-papier-mache\\\/\",\"name\":\"M\u00e9lanie Bourlon, Artiste Sculpteur\",\"description\":\"Sculptures en Papier M\u00e2ch\u00e9 &amp; Stages de modelage\",\"publisher\":{\"@id\":\"https:\\\/\\\/melaniebourlon.com\\\/sculpture-papier-mache\\\/#organization\"},\"potentialAction\":[{\"@type\":\"SearchAction\",\"target\":{\"@type\":\"EntryPoint\",\"urlTemplate\":\"https:\\\/\\\/melaniebourlon.com\\\/sculpture-papier-mache\\\/?s={search_term_string}\"},\"query-input\":{\"@type\":\"PropertyValueSpecification\",\"valueRequired\":true,\"valueName\":\"search_term_string\"}}],\"inLanguage\":\"fr-FR\"},{\"@type\":\"Organization\",\"@id\":\"https:\\\/\\\/melaniebourlon.com\\\/sculpture-papier-mache\\\/#organization\",\"name\":\"M\u00e9lanie Bourlon Sculpteur\",\"url\":\"https:\\\/\\\/melaniebourlon.com\\\/sculpture-papier-mache\\\/\",\"logo\":{\"@type\":\"ImageObject\",\"inLanguage\":\"fr-FR\",\"@id\":\"https:\\\/\\\/melaniebourlon.com\\\/sculpture-papier-mache\\\/#\\\/schema\\\/logo\\\/image\\\/\",\"url\":\"https:\\\/\\\/melaniebourlon.com\\\/sculpture-papier-mache\\\/wp-content\\\/uploads\\\/2018\\\/02\\\/LOGO-MELANIE-RVB.png\",\"contentUrl\":\"https:\\\/\\\/melaniebourlon.com\\\/sculpture-papier-mache\\\/wp-content\\\/uploads\\\/2018\\\/02\\\/LOGO-MELANIE-RVB.png\",\"width\":1666,\"height\":862,\"caption\":\"M\u00e9lanie Bourlon Sculpteur\"},\"image\":{\"@id\":\"https:\\\/\\\/melaniebourlon.com\\\/sculpture-papier-mache\\\/#\\\/schema\\\/logo\\\/image\\\/\"},\"sameAs\":[\"https:\\\/\\\/www.facebook.com\\\/melaniebourlonpapiermache\\\/\",\"https:\\\/\\\/x.com\\\/melaniebourlon\",\"https:\\\/\\\/www.instagram.com\\\/melaniebourlonsculptures\\\/\",\"https:\\\/\\\/www.pinterest.com\\\/sculptur\\\/\",\"https:\\\/\\\/www.youtube.com\\\/channel\\\/UC1EO1RtCiV85X6u-R5HTQCA\"]}]}<\/script>\n<!-- \/ Yoast SEO plugin. -->","yoast_head_json":{"title":"Liens | M\u00e9lanie Bourlon, Artiste Sculpteur | Papier M\u00e2ch\u00e9 & Cabinet de curiosit\u00e9s","description":"Liens - M\u00e9lanie Bourlon, artiste sculpteur. Sculptures en Papier M\u00e2ch\u00e9, stages de modelage. Cabinet de curiosit\u00e9s et Objets de hasard - 38 Les Aveni\u00e8res","robots":{"index":"index","follow":"follow","max-snippet":"max-snippet:-1","max-image-preview":"max-image-preview:large","max-video-preview":"max-video-preview:-1"},"canonical":"https:\/\/melaniebourlon.com\/sculpture-papier-mache\/liens\/","og_locale":"fr_FR","og_type":"article","og_title":"Liens | M\u00e9lanie Bourlon, Artiste Sculpteur | Papier M\u00e2ch\u00e9 & Cabinet de curiosit\u00e9s","og_description":"Liens - M\u00e9lanie Bourlon, artiste sculpteur. Sculptures en Papier M\u00e2ch\u00e9, stages de modelage. Cabinet de curiosit\u00e9s et Objets de hasard - 38 Les Aveni\u00e8res","og_url":"https:\/\/melaniebourlon.com\/sculpture-papier-mache\/liens\/","og_site_name":"M\u00e9lanie Bourlon, Artiste Sculpteur","article_publisher":"https:\/\/www.facebook.com\/melaniebourlonpapiermache\/","article_modified_time":"2025-10-20T16:25:31+00:00","og_image":[{"url":"https:\/\/melaniebourlon.com\/sculpture-papier-mache\/wp-content\/uploads\/2025\/02\/Logo-BAlcon-du-Dauphine.png","type":"","width":"","height":""}],"twitter_card":"summary_large_image","twitter_site":"@melaniebourlon","twitter_misc":{"Dur\u00e9e de lecture estim\u00e9e":"3 minutes"},"schema":{"@context":"https:\/\/schema.org","@graph":[{"@type":"WebPage","@id":"https:\/\/melaniebourlon.com\/sculpture-papier-mache\/liens\/","url":"https:\/\/melaniebourlon.com\/sculpture-papier-mache\/liens\/","name":"Liens | M\u00e9lanie Bourlon, Artiste Sculpteur | Papier M\u00e2ch\u00e9 & Cabinet de curiosit\u00e9s","isPartOf":{"@id":"https:\/\/melaniebourlon.com\/sculpture-papier-mache\/#website"},"primaryImageOfPage":{"@id":"https:\/\/melaniebourlon.com\/sculpture-papier-mache\/liens\/#primaryimage"},"image":{"@id":"https:\/\/melaniebourlon.com\/sculpture-papier-mache\/liens\/#primaryimage"},"thumbnailUrl":"https:\/\/melaniebourlon.com\/sculpture-papier-mache\/wp-content\/uploads\/2025\/02\/Logo-BAlcon-du-Dauphine.png","datePublished":"2018-08-31T12:39:43+00:00","dateModified":"2025-10-20T16:25:31+00:00","description":"Liens - M\u00e9lanie Bourlon, artiste sculpteur. Sculptures en Papier M\u00e2ch\u00e9, stages de modelage. Cabinet de curiosit\u00e9s et Objets de hasard - 38 Les Aveni\u00e8res","breadcrumb":{"@id":"https:\/\/melaniebourlon.com\/sculpture-papier-mache\/liens\/#breadcrumb"},"inLanguage":"fr-FR","potentialAction":[{"@type":"ReadAction","target":["https:\/\/melaniebourlon.com\/sculpture-papier-mache\/liens\/"]}]},{"@type":"ImageObject","inLanguage":"fr-FR","@id":"https:\/\/melaniebourlon.com\/sculpture-papier-mache\/liens\/#primaryimage","url":"https:\/\/melaniebourlon.com\/sculpture-papier-mache\/wp-content\/uploads\/2025\/02\/Logo-BAlcon-du-Dauphine.png","contentUrl":"https:\/\/melaniebourlon.com\/sculpture-papier-mache\/wp-content\/uploads\/2025\/02\/Logo-BAlcon-du-Dauphine.png"},{"@type":"BreadcrumbList","@id":"https:\/\/melaniebourlon.com\/sculpture-papier-mache\/liens\/#breadcrumb","itemListElement":[{"@type":"ListItem","position":1,"name":"Accueil","item":"https:\/\/melaniebourlon.com\/sculpture-papier-mache\/"},{"@type":"ListItem","position":2,"name":"Liens"}]},{"@type":"WebSite","@id":"https:\/\/melaniebourlon.com\/sculpture-papier-mache\/#website","url":"https:\/\/melaniebourlon.com\/sculpture-papier-mache\/","name":"M\u00e9lanie Bourlon, Artiste Sculpteur","description":"Sculptures en Papier M\u00e2ch\u00e9 &amp; Stages de modelage","publisher":{"@id":"https:\/\/melaniebourlon.com\/sculpture-papier-mache\/#organization"},"potentialAction":[{"@type":"SearchAction","target":{"@type":"EntryPoint","urlTemplate":"https:\/\/melaniebourlon.com\/sculpture-papier-mache\/?s={search_term_string}"},"query-input":{"@type":"PropertyValueSpecification","valueRequired":true,"valueName":"search_term_string"}}],"inLanguage":"fr-FR"},{"@type":"Organization","@id":"https:\/\/melaniebourlon.com\/sculpture-papier-mache\/#organization","name":"M\u00e9lanie Bourlon Sculpteur","url":"https:\/\/melaniebourlon.com\/sculpture-papier-mache\/","logo":{"@type":"ImageObject","inLanguage":"fr-FR","@id":"https:\/\/melaniebourlon.com\/sculpture-papier-mache\/#\/schema\/logo\/image\/","url":"https:\/\/melaniebourlon.com\/sculpture-papier-mache\/wp-content\/uploads\/2018\/02\/LOGO-MELANIE-RVB.png","contentUrl":"https:\/\/melaniebourlon.com\/sculpture-papier-mache\/wp-content\/uploads\/2018\/02\/LOGO-MELANIE-RVB.png","width":1666,"height":862,"caption":"M\u00e9lanie Bourlon Sculpteur"},"image":{"@id":"https:\/\/melaniebourlon.com\/sculpture-papier-mache\/#\/schema\/logo\/image\/"},"sameAs":["https:\/\/www.facebook.com\/melaniebourlonpapiermache\/","https:\/\/x.com\/melaniebourlon","https:\/\/www.instagram.com\/melaniebourlonsculptures\/","https:\/\/www.pinterest.com\/sculptur\/","https:\/\/www.youtube.com\/channel\/UC1EO1RtCiV85X6u-R5HTQCA"]}]}},"publishpress_future_action":{"enabled":false,"date":"2026-05-07 01:34:55","action":"change-status","newStatus":"draft","terms":[],"taxonomy":"","extraData":[]},"publishpress_future_workflow_manual_trigger":{"enabledWorkflows":[]},"_links":{"self":[{"href":"https:\/\/melaniebourlon.com\/sculpture-papier-mache\/wp-json\/wp\/v2\/pages\/670","targetHints":{"allow":["GET"]}}],"collection":[{"href":"https:\/\/melaniebourlon.com\/sculpture-papier-mache\/wp-json\/wp\/v2\/pages"}],"about":[{"href":"https:\/\/melaniebourlon.com\/sculpture-papier-mache\/wp-json\/wp\/v2\/types\/page"}],"author":[{"embeddable":true,"href":"https:\/\/melaniebourlon.com\/sculpture-papier-mache\/wp-json\/wp\/v2\/users\/1"}],"replies":[{"embeddable":true,"href":"https:\/\/melaniebourlon.com\/sculpture-papier-mache\/wp-json\/wp\/v2\/comments?post=670"}],"version-history":[{"count":6,"href":"https:\/\/melaniebourlon.com\/sculpture-papier-mache\/wp-json\/wp\/v2\/pages\/670\/revisions"}],"predecessor-version":[{"id":9018,"href":"https:\/\/melaniebourlon.com\/sculpture-papier-mache\/wp-json\/wp\/v2\/pages\/670\/revisions\/9018"}],"wp:attachment":[{"href":"https:\/\/melaniebourlon.com\/sculpture-papier-mache\/wp-json\/wp\/v2\/media?parent=670"}],"curies":[{"name":"wp","href":"https:\/\/api.w.org\/{rel}","templated":true}]}}