{"id":1590,"date":"2018-11-16T17:19:10","date_gmt":"2018-11-16T16:19:10","guid":{"rendered":"http:\/\/melaniebourlon.com\/sculpture-papier-mache\/?page_id=1590"},"modified":"2023-05-24T16:11:55","modified_gmt":"2023-05-24T14:11:55","slug":"epicerie","status":"publish","type":"page","link":"https:\/\/melaniebourlon.com\/sculpture-papier-mache\/epicerie\/","title":{"rendered":"Epicerie"},"content":{"rendered":"<p>[et_pb_section fb_built=\u00a0\u00bb1&Prime; fullwidth=\u00a0\u00bbon\u00a0\u00bb disabled_on=\u00a0\u00bbon|on|off\u00a0\u00bb admin_label=\u00a0\u00bbSection Haut Entete Menu Site\u00a0\u00bb module_id=\u00a0\u00bbmenusite\u00a0\u00bb _builder_version=\u00a0\u00bb4.0.6&Prime; background_image=\u00a0\u00bbhttps:\/\/melaniebourlon.com\/sculpture-papier-mache\/wp-content\/uploads\/2019\/11\/fond-haut.jpg\u00a0\u00bb background_position=\u00a0\u00bbtop_center\u00a0\u00bb custom_margin=\u00a0\u00bb0px||0px|\u00a0\u00bb custom_padding=\u00a0\u00bb0px||0|\u00a0\u00bb box_shadow_style=\u00a0\u00bbpreset3&Prime; box_shadow_color=\u00a0\u00bbrgba(0,0,0,0.03)\u00a0\u00bb global_module=\u00a0\u00bb565&Prime; global_colors_info=\u00a0\u00bb{}\u00a0\u00bb][et_pb_fullwidth_menu menu_style=\u00a0\u00bbcentered\u00a0\u00bb submenu_direction=\u00a0\u00bbdownwards\u00a0\u00bb fullwidth_menu=\u00a0\u00bbon\u00a0\u00bb active_link_color=\u00a0\u00bb#cc5d44&Prime; dropdown_menu_bg_color=\u00a0\u00bb#ecdbd1&Prime; dropdown_menu_line_color=\u00a0\u00bb#cc5d44&Prime; dropdown_menu_text_color=\u00a0\u00bb#242320&Prime; mobile_menu_bg_color=\u00a0\u00bbrgba(236,219,209,0.88)\u00a0\u00bb mobile_menu_text_color=\u00a0\u00bb#242320&Prime; disabled_on=\u00a0\u00bbon|on|off\u00a0\u00bb module_id=\u00a0\u00bbmenusite\u00a0\u00bb _builder_version=\u00a0\u00bb4.19.5&Prime; menu_font=\u00a0\u00bbArapey|700|||||||\u00a0\u00bb menu_text_color=\u00a0\u00bb#242320&Prime; menu_font_size=\u00a0\u00bb20px\u00a0\u00bb background_color=\u00a0\u00bbRGBA(255,255,255,0)\u00a0\u00bb background_position=\u00a0\u00bbtop_center\u00a0\u00bb custom_margin=\u00a0\u00bb0px||0px|\u00a0\u00bb custom_padding=\u00a0\u00bb103px|0px|0px|0px|false|false\u00a0\u00bb border_color_all=\u00a0\u00bb#cc5d44&Prime; box_shadow_style=\u00a0\u00bbpreset3&Prime; box_shadow_vertical=\u00a0\u00bb-3px\u00a0\u00bb box_shadow_blur=\u00a0\u00bb35px\u00a0\u00bb box_shadow_spread=\u00a0\u00bb-8px\u00a0\u00bb box_shadow_color=\u00a0\u00bbrgba(204,93,68,0.53)\u00a0\u00bb global_colors_info=\u00a0\u00bb{}\u00a0\u00bb show_cart_icon__hover_enabled=\u00a0\u00bbon|desktop\u00a0\u00bb dropdown_menu_bg_color__hover_enabled=\u00a0\u00bboff|desktop\u00a0\u00bb dropdown_menu_text_color__hover_enabled=\u00a0\u00bbon|desktop\u00a0\u00bb dropdown_menu_text_color__hover=\u00a0\u00bb#242320&Prime;]<\/p>\n<p>\u00a0<\/p>\n<p>[\/et_pb_fullwidth_menu][\/et_pb_section][et_pb_section fb_built=\u00a0\u00bb1&Prime; _builder_version=\u00a0\u00bb4.16&Prime; background_image=\u00a0\u00bbhttp:\/\/melaniebourlon.com\/sculpture-papier-mache\/wp-content\/uploads\/2018\/04\/fond-papier.jpg\u00a0\u00bb background_size=\u00a0\u00bbcontain\u00a0\u00bb background_position=\u00a0\u00bbtop_center\u00a0\u00bb background_repeat=\u00a0\u00bbrepeat\u00a0\u00bb custom_padding=\u00a0\u00bb0|0px|0|0px\u00a0\u00bb global_colors_info=\u00a0\u00bb{}\u00a0\u00bb][et_pb_row module_class=\u00a0\u00bb et_pb_row_fullwidth\u00a0\u00bb _builder_version=\u00a0\u00bb4.16&Prime; width=\u00a0\u00bb94%\u00a0\u00bb width_tablet=\u00a0\u00bb80%\u00a0\u00bb width_phone=\u00a0\u00bb\u00a0\u00bb width_last_edited=\u00a0\u00bbon|desktop\u00a0\u00bb max_width=\u00a0\u00bb94%\u00a0\u00bb max_width_tablet=\u00a0\u00bb80%\u00a0\u00bb max_width_phone=\u00a0\u00bb\u00a0\u00bb max_width_last_edited=\u00a0\u00bbon|desktop\u00a0\u00bb module_alignment=\u00a0\u00bbcenter\u00a0\u00bb custom_padding=\u00a0\u00bb0|0px|15px|0px\u00a0\u00bb make_fullwidth=\u00a0\u00bbon\u00a0\u00bb global_colors_info=\u00a0\u00bb{}\u00a0\u00bb][et_pb_column type=\u00a0\u00bb4_4&Prime; _builder_version=\u00a0\u00bb4.16&Prime; custom_padding=\u00a0\u00bb|||\u00a0\u00bb global_colors_info=\u00a0\u00bb{}\u00a0\u00bb custom_padding__hover=\u00a0\u00bb|||\u00a0\u00bb][et_pb_text disabled_on=\u00a0\u00bbon|off|off\u00a0\u00bb _builder_version=\u00a0\u00bb4.16&Prime; text_font=\u00a0\u00bbArapey||||||||\u00a0\u00bb text_text_color=\u00a0\u00bb#242320&Prime; text_font_size=\u00a0\u00bb22px\u00a0\u00bb header_font=\u00a0\u00bb||||||||\u00a0\u00bb header_text_color=\u00a0\u00bb#242320&Prime; text_orientation=\u00a0\u00bbright\u00a0\u00bb custom_margin=\u00a0\u00bb||3px|||\u00a0\u00bb custom_padding=\u00a0\u00bb30px|100px||\u00a0\u00bb text_font_tablet=\u00a0\u00bb\u00a0\u00bb text_font_phone=\u00a0\u00bb\u00a0\u00bb text_font_last_edited=\u00a0\u00bbon|phone\u00a0\u00bb text_font_size_tablet=\u00a0\u00bb\u00a0\u00bb text_font_size_phone=\u00a0\u00bb\u00a0\u00bb text_font_size_last_edited=\u00a0\u00bbon|phone\u00a0\u00bb text_orientation_tablet=\u00a0\u00bbcenter\u00a0\u00bb text_orientation_phone=\u00a0\u00bb\u00a0\u00bb text_orientation_last_edited=\u00a0\u00bbon|phone\u00a0\u00bb global_colors_info=\u00a0\u00bb{}\u00a0\u00bb]<\/p>\n<p style=\"text-align: right;\"><em>Sculptures en Papier M\u00e2ch\u00e9<\/em><strong> ~ \u00c0 l&rsquo;\u00c9picerie<\/strong><\/p>\n<div id=\"gtx-trans\" style=\"position: absolute; left: 484px; top: 52.7125px;\">\n<div class=\"gtx-trans-icon\"><\/div>\n<\/div>\n<p>[\/et_pb_text][et_pb_text disabled_on=\u00a0\u00bboff|on|on\u00a0\u00bb _builder_version=\u00a0\u00bb4.16&Prime; text_font=\u00a0\u00bbArapey||||||||\u00a0\u00bb text_text_color=\u00a0\u00bb#242320&Prime; text_font_size=\u00a0\u00bb22px\u00a0\u00bb header_font=\u00a0\u00bb||||||||\u00a0\u00bb header_text_color=\u00a0\u00bb#242320&Prime; text_orientation=\u00a0\u00bbright\u00a0\u00bb width_tablet=\u00a0\u00bb\u00a0\u00bb width_phone=\u00a0\u00bb\u00a0\u00bb width_last_edited=\u00a0\u00bbon|phone\u00a0\u00bb custom_margin=\u00a0\u00bb||3px|||\u00a0\u00bb custom_padding=\u00a0\u00bb30px||||false|false\u00a0\u00bb custom_padding_tablet=\u00a0\u00bb\u00a0\u00bb custom_padding_phone=\u00a0\u00bb10px||||false|false\u00a0\u00bb custom_padding_last_edited=\u00a0\u00bbon|phone\u00a0\u00bb text_text_color_tablet=\u00a0\u00bb\u00a0\u00bb text_text_color_phone=\u00a0\u00bb\u00a0\u00bb text_text_color_last_edited=\u00a0\u00bbon|phone\u00a0\u00bb text_font_size_tablet=\u00a0\u00bb\u00a0\u00bb text_font_size_phone=\u00a0\u00bb20px\u00a0\u00bb text_font_size_last_edited=\u00a0\u00bbon|phone\u00a0\u00bb text_orientation_tablet=\u00a0\u00bbcenter\u00a0\u00bb text_orientation_phone=\u00a0\u00bb\u00a0\u00bb text_orientation_last_edited=\u00a0\u00bbon|phone\u00a0\u00bb global_colors_info=\u00a0\u00bb{}\u00a0\u00bb]<\/p>\n<p style=\"text-align: center;\"><em>Sculptures en Papier M\u00e2ch\u00e9<\/em><br \/> <strong>~ \u00c0 l&rsquo;\u00c9picerie ~<\/strong><\/p>\n<div id=\"gtx-trans\" style=\"position: absolute; left: 393px; top: 70.8px;\">\n<div class=\"gtx-trans-icon\"><\/div>\n<\/div>\n<p>[\/et_pb_text][et_pb_text _builder_version=\u00a0\u00bb4.0.6&Prime; text_font=\u00a0\u00bb||on||||||\u00a0\u00bb text_text_color=\u00a0\u00bb#cc5d44&Prime; text_line_height=\u00a0\u00bb1.3em\u00a0\u00bb text_orientation=\u00a0\u00bbcenter\u00a0\u00bb custom_margin=\u00a0\u00bb||-1px|||\u00a0\u00bb custom_padding=\u00a0\u00bb12px|||||\u00a0\u00bb text_font_size_tablet=\u00a0\u00bb\u00a0\u00bb text_font_size_phone=\u00a0\u00bb15px\u00a0\u00bb text_font_size_last_edited=\u00a0\u00bbon|desktop\u00a0\u00bb global_module=\u00a0\u00bb3846&Prime; saved_tabs=\u00a0\u00bball\u00a0\u00bb global_colors_info=\u00a0\u00bb{}\u00a0\u00bb]<\/p>\n<p>Si vous souhaitez commander l&rsquo;une de mes sculptures, prenez contact avec moi, par mail ou t\u00e9l\u00e9phone\u00a0et nous conviendrons ensemble du paiement\u00a0et de la <strong>livraison<\/strong>.<br \/> Chaque cr\u00e9ation est une pi\u00e8ce unique. Les sculptures dont les prix ne sont plus affich\u00e9s ont d\u00e9j\u00e0 \u00e9t\u00e9 adopt\u00e9es&#8230; ;-).<\/p>\n<p><em><\/em><\/p>\n<p>[\/et_pb_text][et_pb_shop type=\u00a0\u00bbproduct_category\u00a0\u00bb posts_number=\u00a0\u00bb500&Prime; include_categories=\u00a0\u00bb19&Prime; columns_number=\u00a0\u00bb4&Prime; orderby=\u00a0\u00bbdate-desc\u00a0\u00bb icon_hover_color=\u00a0\u00bb#ffffff\u00a0\u00bb hover_overlay_color=\u00a0\u00bbrgba(0,0,0,0.63)\u00a0\u00bb hover_icon=\u00a0\u00bb&#x54;||divi||400&Prime; _builder_version=\u00a0\u00bb4.16&Prime; title_font=\u00a0\u00bbArapey|600||||on|||\u00a0\u00bb title_text_align=\u00a0\u00bbcenter\u00a0\u00bb title_text_color=\u00a0\u00bb#242320&Prime; title_font_size=\u00a0\u00bb22px\u00a0\u00bb title_letter_spacing=\u00a0\u00bb1px\u00a0\u00bb price_font=\u00a0\u00bb||||||||\u00a0\u00bb price_text_align=\u00a0\u00bbcenter\u00a0\u00bb price_text_color=\u00a0\u00bb#cc5d44&Prime; price_font_size=\u00a0\u00bb16px\u00a0\u00bb price_line_height=\u00a0\u00bb10px\u00a0\u00bb text_orientation=\u00a0\u00bbcenter\u00a0\u00bb max_width=\u00a0\u00bb84%\u00a0\u00bb module_alignment=\u00a0\u00bbcenter\u00a0\u00bb custom_margin=\u00a0\u00bb-18px||-4px|||\u00a0\u00bb custom_padding=\u00a0\u00bb11px|||||\u00a0\u00bb box_shadow_style_image=\u00a0\u00bbpreset1&Prime; box_shadow_color_image=\u00a0\u00bbrgba(0,0,0,0.13)\u00a0\u00bb global_colors_info=\u00a0\u00bb{}\u00a0\u00bb]&nbsp;<br \/>\n[\/et_pb_shop][et_pb_text _builder_version=\u00a0\u00bb4.0.6&Prime; text_font_size=\u00a0\u00bb12px\u00a0\u00bb global_module=\u00a0\u00bb3918&Prime; global_colors_info=\u00a0\u00bb{}\u00a0\u00bb]<\/p>\n<p style=\"text-align: center;\"><em>Photos : <a href=\"https:\/\/www.anthonycottarel.com\/\" target=\"_blank\" rel=\"noopener noreferrer\">Anthony Cottarel Photographe<\/a><\/em><\/p>\n<div id=\"gtx-trans\" style=\"position: absolute; left: -49px; top: 46.8px;\">\n<div class=\"gtx-trans-icon\"><\/div>\n<\/div>\n<p>[\/et_pb_text][\/et_pb_column][\/et_pb_row][\/et_pb_section]<\/p>\n","protected":false},"excerpt":{"rendered":"<p>\u00a0Sculptures en Papier M\u00e2ch\u00e9 ~ \u00c0 l&rsquo;\u00c9picerie Sculptures en Papier M\u00e2ch\u00e9 ~ \u00c0 l&rsquo;\u00c9picerie ~ Si vous souhaitez commander l&rsquo;une de mes sculptures, prenez contact avec moi, par mail ou t\u00e9l\u00e9phone\u00a0et nous conviendrons ensemble du paiement\u00a0et de la livraison. Chaque cr\u00e9ation est une pi\u00e8ce unique. Les sculptures dont les prix ne sont plus affich\u00e9s ont [&hellip;]<\/p>\n","protected":false},"author":1,"featured_media":0,"parent":0,"menu_order":0,"comment_status":"closed","ping_status":"closed","template":"","meta":{"_et_pb_use_builder":"on","_et_pb_old_content":"","_et_gb_content_width":"","footnotes":""},"class_list":["post-1590","page","type-page","status-publish","hentry"],"yoast_head":"<!-- This site is optimized with the Yoast SEO plugin v27.4 - https:\/\/yoast.com\/product\/yoast-seo-wordpress\/ -->\n<title>Epicerie | M\u00e9lanie Bourlon | Sculptures en Papier M\u00e2ch\u00e9 | Artiste Sculpteur<\/title>\n<meta name=\"description\" content=\"Epicerie | M\u00e9lanie Bourlon | Sculptures en Papier M\u00e2ch\u00e9 | Les Aveni\u00e8res, Is\u00e8re, France. Champignons, fromages, vanit\u00e9s, patisseries\" \/>\n<meta name=\"robots\" content=\"index, follow, max-snippet:-1, max-image-preview:large, max-video-preview:-1\" \/>\n<link rel=\"canonical\" href=\"https:\/\/melaniebourlon.com\/sculpture-papier-mache\/epicerie\/\" \/>\n<meta property=\"og:locale\" content=\"fr_FR\" \/>\n<meta property=\"og:type\" content=\"article\" \/>\n<meta property=\"og:title\" content=\"Epicerie | M\u00e9lanie Bourlon | Sculptures en Papier M\u00e2ch\u00e9 | Artiste Sculpteur\" \/>\n<meta property=\"og:description\" content=\"Epicerie | M\u00e9lanie Bourlon | Sculptures en Papier M\u00e2ch\u00e9 | Les Aveni\u00e8res, Is\u00e8re, France. Champignons, fromages, vanit\u00e9s, patisseries\" \/>\n<meta property=\"og:url\" content=\"https:\/\/melaniebourlon.com\/sculpture-papier-mache\/epicerie\/\" \/>\n<meta property=\"og:site_name\" content=\"M\u00e9lanie Bourlon, Artiste Sculpteur\" \/>\n<meta property=\"article:publisher\" content=\"https:\/\/www.facebook.com\/melaniebourlonpapiermache\/\" \/>\n<meta property=\"article:modified_time\" content=\"2023-05-24T14:11:55+00:00\" \/>\n<meta name=\"twitter:card\" content=\"summary_large_image\" \/>\n<meta name=\"twitter:site\" content=\"@melaniebourlon\" \/>\n<meta name=\"twitter:label1\" content=\"Dur\u00e9e de lecture estim\u00e9e\" \/>\n\t<meta name=\"twitter:data1\" content=\"4 minutes\" \/>\n<script type=\"application\/ld+json\" class=\"yoast-schema-graph\">{\"@context\":\"https:\\\/\\\/schema.org\",\"@graph\":[{\"@type\":\"WebPage\",\"@id\":\"https:\\\/\\\/melaniebourlon.com\\\/sculpture-papier-mache\\\/epicerie\\\/\",\"url\":\"https:\\\/\\\/melaniebourlon.com\\\/sculpture-papier-mache\\\/epicerie\\\/\",\"name\":\"Epicerie | M\u00e9lanie Bourlon | Sculptures en Papier M\u00e2ch\u00e9 | Artiste Sculpteur\",\"isPartOf\":{\"@id\":\"https:\\\/\\\/melaniebourlon.com\\\/sculpture-papier-mache\\\/#website\"},\"datePublished\":\"2018-11-16T16:19:10+00:00\",\"dateModified\":\"2023-05-24T14:11:55+00:00\",\"description\":\"Epicerie | M\u00e9lanie Bourlon | Sculptures en Papier M\u00e2ch\u00e9 | Les Aveni\u00e8res, Is\u00e8re, France. Champignons, fromages, vanit\u00e9s, patisseries\",\"breadcrumb\":{\"@id\":\"https:\\\/\\\/melaniebourlon.com\\\/sculpture-papier-mache\\\/epicerie\\\/#breadcrumb\"},\"inLanguage\":\"fr-FR\",\"potentialAction\":[{\"@type\":\"ReadAction\",\"target\":[\"https:\\\/\\\/melaniebourlon.com\\\/sculpture-papier-mache\\\/epicerie\\\/\"]}]},{\"@type\":\"BreadcrumbList\",\"@id\":\"https:\\\/\\\/melaniebourlon.com\\\/sculpture-papier-mache\\\/epicerie\\\/#breadcrumb\",\"itemListElement\":[{\"@type\":\"ListItem\",\"position\":1,\"name\":\"Accueil\",\"item\":\"https:\\\/\\\/melaniebourlon.com\\\/sculpture-papier-mache\\\/\"},{\"@type\":\"ListItem\",\"position\":2,\"name\":\"Epicerie\"}]},{\"@type\":\"WebSite\",\"@id\":\"https:\\\/\\\/melaniebourlon.com\\\/sculpture-papier-mache\\\/#website\",\"url\":\"https:\\\/\\\/melaniebourlon.com\\\/sculpture-papier-mache\\\/\",\"name\":\"M\u00e9lanie Bourlon, Artiste Sculpteur\",\"description\":\"Sculptures en Papier M\u00e2ch\u00e9 &amp; Stages de modelage\",\"publisher\":{\"@id\":\"https:\\\/\\\/melaniebourlon.com\\\/sculpture-papier-mache\\\/#organization\"},\"potentialAction\":[{\"@type\":\"SearchAction\",\"target\":{\"@type\":\"EntryPoint\",\"urlTemplate\":\"https:\\\/\\\/melaniebourlon.com\\\/sculpture-papier-mache\\\/?s={search_term_string}\"},\"query-input\":{\"@type\":\"PropertyValueSpecification\",\"valueRequired\":true,\"valueName\":\"search_term_string\"}}],\"inLanguage\":\"fr-FR\"},{\"@type\":\"Organization\",\"@id\":\"https:\\\/\\\/melaniebourlon.com\\\/sculpture-papier-mache\\\/#organization\",\"name\":\"M\u00e9lanie Bourlon Sculpteur\",\"url\":\"https:\\\/\\\/melaniebourlon.com\\\/sculpture-papier-mache\\\/\",\"logo\":{\"@type\":\"ImageObject\",\"inLanguage\":\"fr-FR\",\"@id\":\"https:\\\/\\\/melaniebourlon.com\\\/sculpture-papier-mache\\\/#\\\/schema\\\/logo\\\/image\\\/\",\"url\":\"https:\\\/\\\/melaniebourlon.com\\\/sculpture-papier-mache\\\/wp-content\\\/uploads\\\/2018\\\/02\\\/LOGO-MELANIE-RVB.png\",\"contentUrl\":\"https:\\\/\\\/melaniebourlon.com\\\/sculpture-papier-mache\\\/wp-content\\\/uploads\\\/2018\\\/02\\\/LOGO-MELANIE-RVB.png\",\"width\":1666,\"height\":862,\"caption\":\"M\u00e9lanie Bourlon Sculpteur\"},\"image\":{\"@id\":\"https:\\\/\\\/melaniebourlon.com\\\/sculpture-papier-mache\\\/#\\\/schema\\\/logo\\\/image\\\/\"},\"sameAs\":[\"https:\\\/\\\/www.facebook.com\\\/melaniebourlonpapiermache\\\/\",\"https:\\\/\\\/x.com\\\/melaniebourlon\",\"https:\\\/\\\/www.instagram.com\\\/melaniebourlonsculptures\\\/\",\"https:\\\/\\\/www.pinterest.com\\\/sculptur\\\/\",\"https:\\\/\\\/www.youtube.com\\\/channel\\\/UC1EO1RtCiV85X6u-R5HTQCA\"]}]}<\/script>\n<!-- \/ Yoast SEO plugin. -->","yoast_head_json":{"title":"Epicerie | M\u00e9lanie Bourlon | Sculptures en Papier M\u00e2ch\u00e9 | Artiste Sculpteur","description":"Epicerie | M\u00e9lanie Bourlon | Sculptures en Papier M\u00e2ch\u00e9 | Les Aveni\u00e8res, Is\u00e8re, France. Champignons, fromages, vanit\u00e9s, patisseries","robots":{"index":"index","follow":"follow","max-snippet":"max-snippet:-1","max-image-preview":"max-image-preview:large","max-video-preview":"max-video-preview:-1"},"canonical":"https:\/\/melaniebourlon.com\/sculpture-papier-mache\/epicerie\/","og_locale":"fr_FR","og_type":"article","og_title":"Epicerie | M\u00e9lanie Bourlon | Sculptures en Papier M\u00e2ch\u00e9 | Artiste Sculpteur","og_description":"Epicerie | M\u00e9lanie Bourlon | Sculptures en Papier M\u00e2ch\u00e9 | Les Aveni\u00e8res, Is\u00e8re, France. Champignons, fromages, vanit\u00e9s, patisseries","og_url":"https:\/\/melaniebourlon.com\/sculpture-papier-mache\/epicerie\/","og_site_name":"M\u00e9lanie Bourlon, Artiste Sculpteur","article_publisher":"https:\/\/www.facebook.com\/melaniebourlonpapiermache\/","article_modified_time":"2023-05-24T14:11:55+00:00","twitter_card":"summary_large_image","twitter_site":"@melaniebourlon","twitter_misc":{"Dur\u00e9e de lecture estim\u00e9e":"4 minutes"},"schema":{"@context":"https:\/\/schema.org","@graph":[{"@type":"WebPage","@id":"https:\/\/melaniebourlon.com\/sculpture-papier-mache\/epicerie\/","url":"https:\/\/melaniebourlon.com\/sculpture-papier-mache\/epicerie\/","name":"Epicerie | M\u00e9lanie Bourlon | Sculptures en Papier M\u00e2ch\u00e9 | Artiste Sculpteur","isPartOf":{"@id":"https:\/\/melaniebourlon.com\/sculpture-papier-mache\/#website"},"datePublished":"2018-11-16T16:19:10+00:00","dateModified":"2023-05-24T14:11:55+00:00","description":"Epicerie | M\u00e9lanie Bourlon | Sculptures en Papier M\u00e2ch\u00e9 | Les Aveni\u00e8res, Is\u00e8re, France. Champignons, fromages, vanit\u00e9s, patisseries","breadcrumb":{"@id":"https:\/\/melaniebourlon.com\/sculpture-papier-mache\/epicerie\/#breadcrumb"},"inLanguage":"fr-FR","potentialAction":[{"@type":"ReadAction","target":["https:\/\/melaniebourlon.com\/sculpture-papier-mache\/epicerie\/"]}]},{"@type":"BreadcrumbList","@id":"https:\/\/melaniebourlon.com\/sculpture-papier-mache\/epicerie\/#breadcrumb","itemListElement":[{"@type":"ListItem","position":1,"name":"Accueil","item":"https:\/\/melaniebourlon.com\/sculpture-papier-mache\/"},{"@type":"ListItem","position":2,"name":"Epicerie"}]},{"@type":"WebSite","@id":"https:\/\/melaniebourlon.com\/sculpture-papier-mache\/#website","url":"https:\/\/melaniebourlon.com\/sculpture-papier-mache\/","name":"M\u00e9lanie Bourlon, Artiste Sculpteur","description":"Sculptures en Papier M\u00e2ch\u00e9 &amp; Stages de modelage","publisher":{"@id":"https:\/\/melaniebourlon.com\/sculpture-papier-mache\/#organization"},"potentialAction":[{"@type":"SearchAction","target":{"@type":"EntryPoint","urlTemplate":"https:\/\/melaniebourlon.com\/sculpture-papier-mache\/?s={search_term_string}"},"query-input":{"@type":"PropertyValueSpecification","valueRequired":true,"valueName":"search_term_string"}}],"inLanguage":"fr-FR"},{"@type":"Organization","@id":"https:\/\/melaniebourlon.com\/sculpture-papier-mache\/#organization","name":"M\u00e9lanie Bourlon Sculpteur","url":"https:\/\/melaniebourlon.com\/sculpture-papier-mache\/","logo":{"@type":"ImageObject","inLanguage":"fr-FR","@id":"https:\/\/melaniebourlon.com\/sculpture-papier-mache\/#\/schema\/logo\/image\/","url":"https:\/\/melaniebourlon.com\/sculpture-papier-mache\/wp-content\/uploads\/2018\/02\/LOGO-MELANIE-RVB.png","contentUrl":"https:\/\/melaniebourlon.com\/sculpture-papier-mache\/wp-content\/uploads\/2018\/02\/LOGO-MELANIE-RVB.png","width":1666,"height":862,"caption":"M\u00e9lanie Bourlon Sculpteur"},"image":{"@id":"https:\/\/melaniebourlon.com\/sculpture-papier-mache\/#\/schema\/logo\/image\/"},"sameAs":["https:\/\/www.facebook.com\/melaniebourlonpapiermache\/","https:\/\/x.com\/melaniebourlon","https:\/\/www.instagram.com\/melaniebourlonsculptures\/","https:\/\/www.pinterest.com\/sculptur\/","https:\/\/www.youtube.com\/channel\/UC1EO1RtCiV85X6u-R5HTQCA"]}]}},"publishpress_future_action":{"enabled":false,"date":"2026-04-24 06:45:00","action":"change-status","newStatus":"draft","terms":[],"taxonomy":"","extraData":[]},"publishpress_future_workflow_manual_trigger":{"enabledWorkflows":[]},"_links":{"self":[{"href":"https:\/\/melaniebourlon.com\/sculpture-papier-mache\/wp-json\/wp\/v2\/pages\/1590","targetHints":{"allow":["GET"]}}],"collection":[{"href":"https:\/\/melaniebourlon.com\/sculpture-papier-mache\/wp-json\/wp\/v2\/pages"}],"about":[{"href":"https:\/\/melaniebourlon.com\/sculpture-papier-mache\/wp-json\/wp\/v2\/types\/page"}],"author":[{"embeddable":true,"href":"https:\/\/melaniebourlon.com\/sculpture-papier-mache\/wp-json\/wp\/v2\/users\/1"}],"replies":[{"embeddable":true,"href":"https:\/\/melaniebourlon.com\/sculpture-papier-mache\/wp-json\/wp\/v2\/comments?post=1590"}],"version-history":[{"count":0,"href":"https:\/\/melaniebourlon.com\/sculpture-papier-mache\/wp-json\/wp\/v2\/pages\/1590\/revisions"}],"wp:attachment":[{"href":"https:\/\/melaniebourlon.com\/sculpture-papier-mache\/wp-json\/wp\/v2\/media?parent=1590"}],"curies":[{"name":"wp","href":"https:\/\/api.w.org\/{rel}","templated":true}]}}